{"id":644,"date":"2025-10-02T18:53:47","date_gmt":"2025-10-02T18:53:47","guid":{"rendered":"https:\/\/meltemozdemir.com\/?page_id=644"},"modified":"2025-10-02T18:57:25","modified_gmt":"2025-10-02T18:57:25","slug":"microblading","status":"publish","type":"page","link":"https:\/\/meltemozdemir.com\/index.php\/microblading\/","title":{"rendered":"Microblading"},"content":{"rendered":"\t\t<div data-elementor-type=\"wp-page\" data-elementor-id=\"644\" class=\"elementor elementor-644\">\n\t\t\t\t\t\t<section class=\"elementor-section elementor-top-section elementor-element elementor-element-761129a0 elementor-section-content-middle elementor-section-boxed elementor-section-height-default elementor-section-height-default\" data-id=\"761129a0\" data-element_type=\"section\">\n\t\t\t\t\t\t<div class=\"elementor-container elementor-column-gap-no\">\n\t\t\t\t\t<div class=\"elementor-column elementor-col-100 elementor-top-column elementor-element elementor-element-34fec1a7\" data-id=\"34fec1a7\" data-element_type=\"column\">\n\t\t\t<div class=\"elementor-widget-wrap elementor-element-populated\">\n\t\t\t\t\t\t<div class=\"elementor-element elementor-element-30d62d61 elementor-widget elementor-widget-image\" data-id=\"30d62d61\" data-element_type=\"widget\" data-widget_type=\"image.default\">\n\t\t\t\t<div class=\"elementor-widget-container\">\n\t\t\t\t\t\t\t\t\t\t\t\t\t\t\t<img fetchpriority=\"high\" decoding=\"async\" width=\"1170\" height=\"658\" src=\"https:\/\/meltemozdemir.com\/wp-content\/uploads\/2025\/10\/samsun-microblading.jpeg\" class=\"attachment-full size-full wp-image-646\" alt=\"samsun microblading\" srcset=\"https:\/\/meltemozdemir.com\/wp-content\/uploads\/2025\/10\/samsun-microblading.jpeg 1170w, https:\/\/meltemozdemir.com\/wp-content\/uploads\/2025\/10\/samsun-microblading-300x169.jpeg 300w, https:\/\/meltemozdemir.com\/wp-content\/uploads\/2025\/10\/samsun-microblading-1024x576.jpeg 1024w, https:\/\/meltemozdemir.com\/wp-content\/uploads\/2025\/10\/samsun-microblading-768x432.jpeg 768w\" sizes=\"(max-width: 1170px) 100vw, 1170px\" \/>\t\t\t\t\t\t\t\t\t\t\t\t\t\t\t<\/div>\n\t\t\t\t<\/div>\n\t\t\t\t<div class=\"elementor-element elementor-element-42105268 elementor-widget elementor-widget-heading\" data-id=\"42105268\" data-element_type=\"widget\" data-widget_type=\"heading.default\">\n\t\t\t\t<div class=\"elementor-widget-container\">\n\t\t\t\t\t<h3 class=\"elementor-heading-title elementor-size-default\">Samsun Microblading \u2013 Do\u011fal ve Kal\u0131c\u0131 Ka\u015f Kont\u00fcr\u00fc<\/h3>\t\t\t\t<\/div>\n\t\t\t\t<\/div>\n\t\t\t\t<div class=\"elementor-element elementor-element-6d2efbff elementor-widget elementor-widget-text-editor\" data-id=\"6d2efbff\" data-element_type=\"widget\" data-widget_type=\"text-editor.default\">\n\t\t\t\t<div class=\"elementor-widget-container\">\n\t\t\t\t\t\t\t\t\t<h3>Microblading, ka\u015flarda <strong data-start=\"579\" data-end=\"594\">k\u0131l tekni\u011fi<\/strong> ile do\u011fal bir g\u00f6r\u00fcn\u00fcm olu\u015fturan kal\u0131c\u0131 makyaj y\u00f6ntemidir.<\/h3>\t\t\t\t\t\t\t\t<\/div>\n\t\t\t\t<\/div>\n\t\t\t\t<section class=\"elementor-section elementor-inner-section elementor-element elementor-element-2d2b5b70 elementor-section-boxed elementor-section-height-default elementor-section-height-default\" data-id=\"2d2b5b70\" data-element_type=\"section\">\n\t\t\t\t\t\t<div class=\"elementor-container elementor-column-gap-default\">\n\t\t\t\t\t<div class=\"elementor-column elementor-col-50 elementor-inner-column elementor-element elementor-element-6f3ed74c\" data-id=\"6f3ed74c\" data-element_type=\"column\">\n\t\t\t<div class=\"elementor-widget-wrap elementor-element-populated\">\n\t\t\t\t\t\t<div class=\"elementor-element elementor-element-89b7f84 elementor-widget elementor-widget-heading\" data-id=\"89b7f84\" data-element_type=\"widget\" data-widget_type=\"heading.default\">\n\t\t\t\t<div class=\"elementor-widget-container\">\n\t\t\t\t\t<h2 class=\"elementor-heading-title elementor-size-default\">Microblading Nedir?<\/h2>\t\t\t\t<\/div>\n\t\t\t\t<\/div>\n\t\t\t\t<div class=\"elementor-element elementor-element-bf7c60e elementor-widget elementor-widget-text-editor\" data-id=\"bf7c60e\" data-element_type=\"widget\" data-widget_type=\"text-editor.default\">\n\t\t\t\t<div class=\"elementor-widget-container\">\n\t\t\t\t\t\t\t\t\t<div class=\"blog-header\"><p data-start=\"556\" data-end=\"803\">Microblading, ka\u015flarda <strong data-start=\"579\" data-end=\"594\">k\u0131l tekni\u011fi<\/strong> ile do\u011fal bir g\u00f6r\u00fcn\u00fcm olu\u015fturan kal\u0131c\u0131 makyaj y\u00f6ntemidir. \u00d6zel pigmentler, cilt alt\u0131na tek tek k\u0131l efekti verilerek uygulan\u0131r. Bu sayede seyrek veya asimetrik ka\u015flar, dolgun ve estetik bir g\u00f6r\u00fcn\u00fcme kavu\u015fur.<\/p><\/div>\t\t\t\t\t\t\t\t<\/div>\n\t\t\t\t<\/div>\n\t\t\t\t<div class=\"elementor-element elementor-element-1ab63c2 elementor-widget elementor-widget-heading\" data-id=\"1ab63c2\" data-element_type=\"widget\" data-widget_type=\"heading.default\">\n\t\t\t\t<div class=\"elementor-widget-container\">\n\t\t\t\t\t<h2 class=\"elementor-heading-title elementor-size-default\">Microblading\u2019in Avantajlar\u0131<\/h2>\t\t\t\t<\/div>\n\t\t\t\t<\/div>\n\t\t\t\t<div class=\"elementor-element elementor-element-b026965 elementor-widget elementor-widget-text-editor\" data-id=\"b026965\" data-element_type=\"widget\" data-widget_type=\"text-editor.default\">\n\t\t\t\t<div class=\"elementor-widget-container\">\n\t\t\t\t\t\t\t\t\t<div class=\"blog-header\"><p data-start=\"845\" data-end=\"884\">Seyrek ka\u015flar\u0131 do\u011fal \u015fekilde doldurur<\/p><p data-start=\"887\" data-end=\"926\">Ka\u015flara simetri ve estetik kazand\u0131r\u0131r<\/p><p data-start=\"929\" data-end=\"964\">G\u00fcnl\u00fck ka\u015f makyaj\u0131na gerek kalmaz<\/p><p data-start=\"967\" data-end=\"1018\">Suya, tere ve makyaj temizleyicilere dayan\u0131kl\u0131d\u0131r<\/p><p data-start=\"1021\" data-end=\"1056\">1 \u2013 2 y\u0131l kal\u0131c\u0131l\u0131k s\u00fcresi vard\u0131r<\/p><p data-start=\"1059\" data-end=\"1095\">Do\u011fal k\u0131l g\u00f6r\u00fcn\u00fcm\u00fcyle fark edilmez<\/p><\/div>\t\t\t\t\t\t\t\t<\/div>\n\t\t\t\t<\/div>\n\t\t\t\t<div class=\"elementor-element elementor-element-6d6e4e0 elementor-widget elementor-widget-heading\" data-id=\"6d6e4e0\" data-element_type=\"widget\" data-widget_type=\"heading.default\">\n\t\t\t\t<div class=\"elementor-widget-container\">\n\t\t\t\t\t<h2 class=\"elementor-heading-title elementor-size-default\">Kimler Microblading Yapt\u0131rabilir?<\/h2>\t\t\t\t<\/div>\n\t\t\t\t<\/div>\n\t\t\t\t<div class=\"elementor-element elementor-element-2c92bf7 elementor-widget elementor-widget-text-editor\" data-id=\"2c92bf7\" data-element_type=\"widget\" data-widget_type=\"text-editor.default\">\n\t\t\t\t<div class=\"elementor-widget-container\">\n\t\t\t\t\t\t\t\t\t<ul data-start=\"1141\" data-end=\"1293\"><li data-start=\"1141\" data-end=\"1167\"><p data-start=\"1143\" data-end=\"1167\">Ka\u015flar\u0131 seyrek olanlar<\/p><\/li><li data-start=\"1168\" data-end=\"1208\"><p data-start=\"1170\" data-end=\"1208\">Asimetrik ka\u015f yap\u0131s\u0131na sahip olanlar<\/p><\/li><li data-start=\"1209\" data-end=\"1251\"><p data-start=\"1211\" data-end=\"1251\">Daha belirgin ve kalk\u0131k ka\u015f isteyenler<\/p><\/li><li data-start=\"1252\" data-end=\"1293\"><p data-start=\"1254\" data-end=\"1293\">G\u00fcnl\u00fck makyajla u\u011fra\u015fmak istemeyenler<\/p><\/li><\/ul>\t\t\t\t\t\t\t\t<\/div>\n\t\t\t\t<\/div>\n\t\t\t\t\t<\/div>\n\t\t<\/div>\n\t\t\t\t<div class=\"elementor-column elementor-col-50 elementor-inner-column elementor-element elementor-element-2ddc14be\" data-id=\"2ddc14be\" data-element_type=\"column\">\n\t\t\t<div class=\"elementor-widget-wrap elementor-element-populated\">\n\t\t\t\t\t\t<div class=\"elementor-element elementor-element-3d62808 elementor-widget elementor-widget-heading\" data-id=\"3d62808\" data-element_type=\"widget\" data-widget_type=\"heading.default\">\n\t\t\t\t<div class=\"elementor-widget-container\">\n\t\t\t\t\t<h2 class=\"elementor-heading-title elementor-size-default\">Microblading Uygulama S\u00fcreci<\/h2>\t\t\t\t<\/div>\n\t\t\t\t<\/div>\n\t\t\t\t<div class=\"elementor-element elementor-element-72a5d5c elementor-widget elementor-widget-text-editor\" data-id=\"72a5d5c\" data-element_type=\"widget\" data-widget_type=\"text-editor.default\">\n\t\t\t\t<div class=\"elementor-widget-container\">\n\t\t\t\t\t\t\t\t\t<p data-start=\"1337\" data-end=\"1387\">Ka\u015f analizi ve y\u00fcz \u015fekline uygun tasar\u0131m yap\u0131l\u0131r<\/p><p data-start=\"1391\" data-end=\"1426\">Ten rengine uygun pigment se\u00e7ilir<\/p><p data-start=\"1430\" data-end=\"1472\">Lokal anestezik krem ile konfor sa\u011flan\u0131r<\/p><p data-start=\"1476\" data-end=\"1524\">Tek tek k\u0131l efekti verilerek pigment uygulan\u0131r<\/p><p data-start=\"1528\" data-end=\"1573\">\u0130lk seans sonras\u0131 1 ay i\u00e7inde r\u00f6tu\u015f yap\u0131l\u0131r<\/p>\t\t\t\t\t\t\t\t<\/div>\n\t\t\t\t<\/div>\n\t\t\t\t<div class=\"elementor-element elementor-element-af8e61d elementor-widget elementor-widget-heading\" data-id=\"af8e61d\" data-element_type=\"widget\" data-widget_type=\"heading.default\">\n\t\t\t\t<div class=\"elementor-widget-container\">\n\t\t\t\t\t<h2 class=\"elementor-heading-title elementor-size-default\">Samsun Microblading Fiyatlar\u0131<\/h2>\t\t\t\t<\/div>\n\t\t\t\t<\/div>\n\t\t\t\t<div class=\"elementor-element elementor-element-62ae623 elementor-widget elementor-widget-text-editor\" data-id=\"62ae623\" data-element_type=\"widget\" data-widget_type=\"text-editor.default\">\n\t\t\t\t<div class=\"elementor-widget-container\">\n\t\t\t\t\t\t\t\t\t<p data-start=\"1321\" data-end=\"1356\">Microblading fiyatlar\u0131, ki\u015finin ka\u015f yap\u0131s\u0131na ve uygulanacak i\u015flemin detay\u0131na g\u00f6re de\u011fi\u015fir. <strong data-start=\"1706\" data-end=\"1740\">Meltem \u00d6zdemir G\u00fczellik Salonu<\/strong>, Samsun\u2019da uygun fiyatlarla profesyonel microblading hizmeti sunmaktad\u0131r.<\/p>\t\t\t\t\t\t\t\t<\/div>\n\t\t\t\t<\/div>\n\t\t\t\t<div class=\"elementor-element elementor-element-3dcc0d3 elementor-widget elementor-widget-heading\" data-id=\"3dcc0d3\" data-element_type=\"widget\" data-widget_type=\"heading.default\">\n\t\t\t\t<div class=\"elementor-widget-container\">\n\t\t\t\t\t<h2 class=\"elementor-heading-title elementor-size-default\">Neden Meltem \u00d6zdemir G\u00fczellik Salonu?<\/h2>\t\t\t\t<\/div>\n\t\t\t\t<\/div>\n\t\t\t\t<div class=\"elementor-element elementor-element-38afce1 elementor-widget elementor-widget-text-editor\" data-id=\"38afce1\" data-element_type=\"widget\" data-widget_type=\"text-editor.default\">\n\t\t\t\t<div class=\"elementor-widget-container\">\n\t\t\t\t\t\t\t\t\t<div class=\"blog-header\"><ul><li data-start=\"1866\" data-end=\"1894\"><p data-start=\"1868\" data-end=\"1894\">Uzman estetisyen kadrosu<\/p><\/li><li data-start=\"1895\" data-end=\"1923\"><p data-start=\"1897\" data-end=\"1923\">Hijyenik ve steril ortam<\/p><\/li><li data-start=\"1924\" data-end=\"1960\"><p data-start=\"1926\" data-end=\"1960\">Y\u00fcz hatlar\u0131na uygun ka\u015f tasar\u0131m\u0131<\/p><\/li><li data-start=\"1961\" data-end=\"1993\"><p data-start=\"1963\" data-end=\"1993\">Kaliteli ve do\u011fal pigmentler<\/p><\/li><li data-start=\"1994\" data-end=\"2034\"><p data-start=\"1996\" data-end=\"2034\">Samsun\u2019da g\u00fcvenilir g\u00fczellik merkezi<\/p><\/li><\/ul><\/div>\t\t\t\t\t\t\t\t<\/div>\n\t\t\t\t<\/div>\n\t\t\t\t\t<\/div>\n\t\t<\/div>\n\t\t\t\t\t<\/div>\n\t\t<\/section>\n\t\t\t\t\t<\/div>\n\t\t<\/div>\n\t\t\t\t\t<\/div>\n\t\t<\/section>\n\t\t\t\t<\/div>\n\t\t","protected":false},"excerpt":{"rendered":"<p>Samsun Microblading \u2013 Do\u011fal ve Kal\u0131c\u0131 Ka\u015f Kont\u00fcr\u00fc Microblading, ka\u015flarda k\u0131l tekni\u011fi ile do\u011fal bir g\u00f6r\u00fcn\u00fcm olu\u015fturan kal\u0131c\u0131 makyaj y\u00f6ntemidir. Microblading Nedir? Microblading, ka\u015flarda k\u0131l tekni\u011fi ile do\u011fal bir g\u00f6r\u00fcn\u00fcm olu\u015fturan kal\u0131c\u0131 makyaj y\u00f6ntemidir. \u00d6zel pigmentler, cilt alt\u0131na tek tek k\u0131l efekti verilerek uygulan\u0131r. Bu sayede seyrek veya asimetrik ka\u015flar, dolgun ve estetik bir g\u00f6r\u00fcn\u00fcme kavu\u015fur. Microblading\u2019in Avantajlar\u0131 Seyrek ka\u015flar\u0131&#8230;<\/p>\n","protected":false},"author":1,"featured_media":0,"parent":0,"menu_order":0,"comment_status":"closed","ping_status":"closed","template":"elementor_header_footer","meta":{"om_disable_all_campaigns":false,"_monsterinsights_skip_tracking":false,"_monsterinsights_sitenote_active":false,"_monsterinsights_sitenote_note":"","_monsterinsights_sitenote_category":0,"footnotes":""},"class_list":["post-644","page","type-page","status-publish","hentry"],"aioseo_notices":[],"_links":{"self":[{"href":"https:\/\/meltemozdemir.com\/index.php\/wp-json\/wp\/v2\/pages\/644","targetHints":{"allow":["GET"]}}],"collection":[{"href":"https:\/\/meltemozdemir.com\/index.php\/wp-json\/wp\/v2\/pages"}],"about":[{"href":"https:\/\/meltemozdemir.com\/index.php\/wp-json\/wp\/v2\/types\/page"}],"author":[{"embeddable":true,"href":"https:\/\/meltemozdemir.com\/index.php\/wp-json\/wp\/v2\/users\/1"}],"replies":[{"embeddable":true,"href":"https:\/\/meltemozdemir.com\/index.php\/wp-json\/wp\/v2\/comments?post=644"}],"version-history":[{"count":4,"href":"https:\/\/meltemozdemir.com\/index.php\/wp-json\/wp\/v2\/pages\/644\/revisions"}],"predecessor-version":[{"id":649,"href":"https:\/\/meltemozdemir.com\/index.php\/wp-json\/wp\/v2\/pages\/644\/revisions\/649"}],"wp:attachment":[{"href":"https:\/\/meltemozdemir.com\/index.php\/wp-json\/wp\/v2\/media?parent=644"}],"curies":[{"name":"wp","href":"https:\/\/api.w.org\/{rel}","templated":true}]}}