{"id":639,"date":"2025-10-02T18:49:54","date_gmt":"2025-10-02T18:49:54","guid":{"rendered":"https:\/\/meltemozdemir.com\/?page_id=639"},"modified":"2025-10-02T19:01:26","modified_gmt":"2025-10-02T19:01:26","slug":"dudak-renklendirme","status":"publish","type":"page","link":"https:\/\/meltemozdemir.com\/index.php\/dudak-renklendirme\/","title":{"rendered":"Dudak Renklendirme"},"content":{"rendered":"\t\t<div data-elementor-type=\"wp-page\" data-elementor-id=\"639\" class=\"elementor elementor-639\">\n\t\t\t\t\t\t<section class=\"elementor-section elementor-top-section elementor-element elementor-element-761129a0 elementor-section-content-middle elementor-section-boxed elementor-section-height-default elementor-section-height-default\" data-id=\"761129a0\" data-element_type=\"section\">\n\t\t\t\t\t\t<div class=\"elementor-container elementor-column-gap-no\">\n\t\t\t\t\t<div class=\"elementor-column elementor-col-100 elementor-top-column elementor-element elementor-element-34fec1a7\" data-id=\"34fec1a7\" data-element_type=\"column\">\n\t\t\t<div class=\"elementor-widget-wrap elementor-element-populated\">\n\t\t\t\t\t\t<div class=\"elementor-element elementor-element-30d62d61 elementor-widget elementor-widget-image\" data-id=\"30d62d61\" data-element_type=\"widget\" data-widget_type=\"image.default\">\n\t\t\t\t<div class=\"elementor-widget-container\">\n\t\t\t\t\t\t\t\t\t\t\t\t\t\t\t<img fetchpriority=\"high\" decoding=\"async\" width=\"1536\" height=\"1024\" src=\"https:\/\/meltemozdemir.com\/wp-content\/uploads\/2025\/10\/ChatGPT-Image-2-Eki-2025-17_18_37.png\" class=\"attachment-full size-full wp-image-604\" alt=\"dudak renklendirme\" srcset=\"https:\/\/meltemozdemir.com\/wp-content\/uploads\/2025\/10\/ChatGPT-Image-2-Eki-2025-17_18_37.png 1536w, https:\/\/meltemozdemir.com\/wp-content\/uploads\/2025\/10\/ChatGPT-Image-2-Eki-2025-17_18_37-300x200.png 300w, https:\/\/meltemozdemir.com\/wp-content\/uploads\/2025\/10\/ChatGPT-Image-2-Eki-2025-17_18_37-1024x683.png 1024w, https:\/\/meltemozdemir.com\/wp-content\/uploads\/2025\/10\/ChatGPT-Image-2-Eki-2025-17_18_37-768x512.png 768w, https:\/\/meltemozdemir.com\/wp-content\/uploads\/2025\/10\/ChatGPT-Image-2-Eki-2025-17_18_37-600x400.png 600w\" sizes=\"(max-width: 1536px) 100vw, 1536px\" \/>\t\t\t\t\t\t\t\t\t\t\t\t\t\t\t<\/div>\n\t\t\t\t<\/div>\n\t\t\t\t<div class=\"elementor-element elementor-element-42105268 elementor-widget elementor-widget-heading\" data-id=\"42105268\" data-element_type=\"widget\" data-widget_type=\"heading.default\">\n\t\t\t\t<div class=\"elementor-widget-container\">\n\t\t\t\t\t<h3 class=\"elementor-heading-title elementor-size-default\">Samsun Dudak Renklendirme \u2013 Canl\u0131 ve Estetik Dudaklar<\/h3>\t\t\t\t<\/div>\n\t\t\t\t<\/div>\n\t\t\t\t<div class=\"elementor-element elementor-element-6d2efbff elementor-widget elementor-widget-text-editor\" data-id=\"6d2efbff\" data-element_type=\"widget\" data-widget_type=\"text-editor.default\">\n\t\t\t\t<div class=\"elementor-widget-container\">\n\t\t\t\t\t\t\t\t\t<h3>Dudak renklendirme, \u00f6zel kal\u0131c\u0131 makyaj pigmentleri kullan\u0131larak dudaklar\u0131n <strong data-start=\"637\" data-end=\"694\">daha canl\u0131, simetrik ve belirgin g\u00f6r\u00fcnmesini sa\u011flayan<\/strong> bir uygulamad\u0131r.<\/h3>\t\t\t\t\t\t\t\t<\/div>\n\t\t\t\t<\/div>\n\t\t\t\t<section class=\"elementor-section elementor-inner-section elementor-element elementor-element-2d2b5b70 elementor-section-boxed elementor-section-height-default elementor-section-height-default\" data-id=\"2d2b5b70\" data-element_type=\"section\">\n\t\t\t\t\t\t<div class=\"elementor-container elementor-column-gap-default\">\n\t\t\t\t\t<div class=\"elementor-column elementor-col-50 elementor-inner-column elementor-element elementor-element-6f3ed74c\" data-id=\"6f3ed74c\" data-element_type=\"column\">\n\t\t\t<div class=\"elementor-widget-wrap elementor-element-populated\">\n\t\t\t\t\t\t<div class=\"elementor-element elementor-element-89b7f84 elementor-widget elementor-widget-heading\" data-id=\"89b7f84\" data-element_type=\"widget\" data-widget_type=\"heading.default\">\n\t\t\t\t<div class=\"elementor-widget-container\">\n\t\t\t\t\t<h2 class=\"elementor-heading-title elementor-size-default\">Dudak Renklendirme Nedir?<\/h2>\t\t\t\t<\/div>\n\t\t\t\t<\/div>\n\t\t\t\t<div class=\"elementor-element elementor-element-bf7c60e elementor-widget elementor-widget-text-editor\" data-id=\"bf7c60e\" data-element_type=\"widget\" data-widget_type=\"text-editor.default\">\n\t\t\t\t<div class=\"elementor-widget-container\">\n\t\t\t\t\t\t\t\t\t<div class=\"blog-header\"><p>Dudak renklendirme, \u00f6zel kal\u0131c\u0131 makyaj pigmentleri kullan\u0131larak dudaklar\u0131n <strong data-start=\"637\" data-end=\"694\">daha canl\u0131, simetrik ve belirgin g\u00f6r\u00fcnmesini sa\u011flayan<\/strong> bir uygulamad\u0131r. Bu i\u015flem, dudak rengini e\u015fitler, soluk g\u00f6r\u00fcn\u00fcm\u00fc giderir ve do\u011fal bir g\u00fczellik katar.<\/p><\/div>\t\t\t\t\t\t\t\t<\/div>\n\t\t\t\t<\/div>\n\t\t\t\t<div class=\"elementor-element elementor-element-1ab63c2 elementor-widget elementor-widget-heading\" data-id=\"1ab63c2\" data-element_type=\"widget\" data-widget_type=\"heading.default\">\n\t\t\t\t<div class=\"elementor-widget-container\">\n\t\t\t\t\t<h2 class=\"elementor-heading-title elementor-size-default\">Dudak Renklendirmenin Avantajlar\u0131<\/h2>\t\t\t\t<\/div>\n\t\t\t\t<\/div>\n\t\t\t\t<div class=\"elementor-element elementor-element-b026965 elementor-widget elementor-widget-text-editor\" data-id=\"b026965\" data-element_type=\"widget\" data-widget_type=\"text-editor.default\">\n\t\t\t\t<div class=\"elementor-widget-container\">\n\t\t\t\t\t\t\t\t\t<div class=\"blog-header\"><p data-start=\"846\" data-end=\"884\">Daha canl\u0131 ve estetik dudak g\u00f6r\u00fcn\u00fcm\u00fc<\/p><p data-start=\"887\" data-end=\"921\">Dudak \u00e7izgisini belirginle\u015ftirme<\/p><p data-start=\"924\" data-end=\"959\">Asimetrik dudak yap\u0131s\u0131n\u0131 d\u00fczeltme<\/p><p data-start=\"962\" data-end=\"989\">Her zaman bak\u0131ml\u0131 g\u00f6r\u00fcn\u00fcm<\/p><p data-start=\"992\" data-end=\"1025\">Ruj kullanma ihtiyac\u0131n\u0131 azaltma<\/p><p data-start=\"1028\" data-end=\"1058\">1,5 \u2013 2 y\u0131l kal\u0131c\u0131l\u0131k s\u00fcresi<\/p><\/div>\t\t\t\t\t\t\t\t<\/div>\n\t\t\t\t<\/div>\n\t\t\t\t<div class=\"elementor-element elementor-element-6d6e4e0 elementor-widget elementor-widget-heading\" data-id=\"6d6e4e0\" data-element_type=\"widget\" data-widget_type=\"heading.default\">\n\t\t\t\t<div class=\"elementor-widget-container\">\n\t\t\t\t\t<h2 class=\"elementor-heading-title elementor-size-default\">Samsun Dudak Renklendirme Fiyatlar\u0131<\/h2>\t\t\t\t<\/div>\n\t\t\t\t<\/div>\n\t\t\t\t<div class=\"elementor-element elementor-element-2c92bf7 elementor-widget elementor-widget-text-editor\" data-id=\"2c92bf7\" data-element_type=\"widget\" data-widget_type=\"text-editor.default\">\n\t\t\t\t<div class=\"elementor-widget-container\">\n\t\t\t\t\t\t\t\t\t<p data-start=\"1615\" data-end=\"1804\">Fiyatlar, cilt yap\u0131s\u0131na ve tercih edilen renklere g\u00f6re de\u011fi\u015fmektedir. <strong data-start=\"1685\" data-end=\"1719\">Meltem \u00d6zdemir G\u00fczellik Salonu<\/strong>, Samsun\u2019da en uygun fiyatlarla profesyonel dudak renklendirme hizmeti sunmaktad\u0131r.<\/p>\t\t\t\t\t\t\t\t<\/div>\n\t\t\t\t<\/div>\n\t\t\t\t\t<\/div>\n\t\t<\/div>\n\t\t\t\t<div class=\"elementor-column elementor-col-50 elementor-inner-column elementor-element elementor-element-2ddc14be\" data-id=\"2ddc14be\" data-element_type=\"column\">\n\t\t\t<div class=\"elementor-widget-wrap elementor-element-populated\">\n\t\t\t\t\t\t<div class=\"elementor-element elementor-element-3d62808 elementor-widget elementor-widget-heading\" data-id=\"3d62808\" data-element_type=\"widget\" data-widget_type=\"heading.default\">\n\t\t\t\t<div class=\"elementor-widget-container\">\n\t\t\t\t\t<h2 class=\"elementor-heading-title elementor-size-default\">Dudak Renklendirme Kimlere Uygundur?<\/h2>\t\t\t\t<\/div>\n\t\t\t\t<\/div>\n\t\t\t\t<div class=\"elementor-element elementor-element-72a5d5c elementor-widget elementor-widget-text-editor\" data-id=\"72a5d5c\" data-element_type=\"widget\" data-widget_type=\"text-editor.default\">\n\t\t\t\t<div class=\"elementor-widget-container\">\n\t\t\t\t\t\t\t\t\t<p data-start=\"1109\" data-end=\"1153\">Soluk veya renksiz dudaklara sahip olanlar<\/p><p data-start=\"1156\" data-end=\"1191\">Dudak \u00e7izgisi belirgin olmayanlar<\/p><p data-start=\"1194\" data-end=\"1238\">Daha dolgun ve simetrik g\u00f6r\u00fcn\u00fcm isteyenler<\/p><p data-start=\"1241\" data-end=\"1280\">G\u00fcnl\u00fck makyajla u\u011fra\u015fmak istemeyenler<\/p>\t\t\t\t\t\t\t\t<\/div>\n\t\t\t\t<\/div>\n\t\t\t\t<div class=\"elementor-element elementor-element-af8e61d elementor-widget elementor-widget-heading\" data-id=\"af8e61d\" data-element_type=\"widget\" data-widget_type=\"heading.default\">\n\t\t\t\t<div class=\"elementor-widget-container\">\n\t\t\t\t\t<h2 class=\"elementor-heading-title elementor-size-default\">Dudak Renklendirme S\u00fcreci<\/h2>\t\t\t\t<\/div>\n\t\t\t\t<\/div>\n\t\t\t\t<div class=\"elementor-element elementor-element-62ae623 elementor-widget elementor-widget-text-editor\" data-id=\"62ae623\" data-element_type=\"widget\" data-widget_type=\"text-editor.default\">\n\t\t\t\t<div class=\"elementor-widget-container\">\n\t\t\t\t\t\t\t\t\t<p data-start=\"1321\" data-end=\"1356\">Ki\u015fiye \u00f6zel dudak analizi yap\u0131l\u0131r<\/p><p data-start=\"1360\" data-end=\"1411\">Dudak renginize ve teninize uygun pigment se\u00e7ilir<\/p><p data-start=\"1415\" data-end=\"1467\">Uygulama \u00f6ncesi anestezik krem ile konfor sa\u011flan\u0131r<\/p><p data-start=\"1471\" data-end=\"1518\">\u00d6zel cihazlarla pigment cilt alt\u0131na uygulan\u0131r<\/p><p data-start=\"1522\" data-end=\"1567\">\u0130lk seans sonras\u0131 1 ay i\u00e7inde r\u00f6tu\u015f yap\u0131l\u0131r<\/p>\t\t\t\t\t\t\t\t<\/div>\n\t\t\t\t<\/div>\n\t\t\t\t<div class=\"elementor-element elementor-element-3dcc0d3 elementor-widget elementor-widget-heading\" data-id=\"3dcc0d3\" data-element_type=\"widget\" data-widget_type=\"heading.default\">\n\t\t\t\t<div class=\"elementor-widget-container\">\n\t\t\t\t\t<h2 class=\"elementor-heading-title elementor-size-default\">Neden Meltem \u00d6zdemir G\u00fczellik Salonu?<\/h2>\t\t\t\t<\/div>\n\t\t\t\t<\/div>\n\t\t\t\t<div class=\"elementor-element elementor-element-38afce1 elementor-widget elementor-widget-text-editor\" data-id=\"38afce1\" data-element_type=\"widget\" data-widget_type=\"text-editor.default\">\n\t\t\t\t<div class=\"elementor-widget-container\">\n\t\t\t\t\t\t\t\t\t<div class=\"blog-header\"><p data-start=\"1856\" data-end=\"1880\">Uzman estetisyen ekibi<\/p><p data-start=\"1883\" data-end=\"1909\">Steril ve hijyenik ortam<\/p><p data-start=\"1912\" data-end=\"1945\">Do\u011fal ve ki\u015fiye \u00f6zel tasar\u0131mlar<\/p><p data-start=\"1948\" data-end=\"1982\">Kaliteli ve g\u00fcvenilir pigmentler<\/p><p data-start=\"1985\" data-end=\"2023\">Samsun\u2019da g\u00fcvenilir g\u00fczellik merkezi<\/p><\/div>\t\t\t\t\t\t\t\t<\/div>\n\t\t\t\t<\/div>\n\t\t\t\t\t<\/div>\n\t\t<\/div>\n\t\t\t\t\t<\/div>\n\t\t<\/section>\n\t\t\t\t\t<\/div>\n\t\t<\/div>\n\t\t\t\t\t<\/div>\n\t\t<\/section>\n\t\t\t\t<\/div>\n\t\t","protected":false},"excerpt":{"rendered":"<p>Samsun Dudak Renklendirme \u2013 Canl\u0131 ve Estetik Dudaklar Dudak renklendirme, \u00f6zel kal\u0131c\u0131 makyaj pigmentleri kullan\u0131larak dudaklar\u0131n daha canl\u0131, simetrik ve belirgin g\u00f6r\u00fcnmesini sa\u011flayan bir uygulamad\u0131r. Dudak Renklendirme Nedir? Dudak renklendirme, \u00f6zel kal\u0131c\u0131 makyaj pigmentleri kullan\u0131larak dudaklar\u0131n daha canl\u0131, simetrik ve belirgin g\u00f6r\u00fcnmesini sa\u011flayan bir uygulamad\u0131r. Bu i\u015flem, dudak rengini e\u015fitler, soluk g\u00f6r\u00fcn\u00fcm\u00fc giderir ve do\u011fal bir g\u00fczellik katar. Dudak Renklendirmenin&#8230;<\/p>\n","protected":false},"author":1,"featured_media":0,"parent":0,"menu_order":0,"comment_status":"closed","ping_status":"closed","template":"elementor_header_footer","meta":{"om_disable_all_campaigns":false,"_monsterinsights_skip_tracking":false,"_monsterinsights_sitenote_active":false,"_monsterinsights_sitenote_note":"","_monsterinsights_sitenote_category":0,"footnotes":""},"class_list":["post-639","page","type-page","status-publish","hentry"],"aioseo_notices":[],"_links":{"self":[{"href":"https:\/\/meltemozdemir.com\/index.php\/wp-json\/wp\/v2\/pages\/639","targetHints":{"allow":["GET"]}}],"collection":[{"href":"https:\/\/meltemozdemir.com\/index.php\/wp-json\/wp\/v2\/pages"}],"about":[{"href":"https:\/\/meltemozdemir.com\/index.php\/wp-json\/wp\/v2\/types\/page"}],"author":[{"embeddable":true,"href":"https:\/\/meltemozdemir.com\/index.php\/wp-json\/wp\/v2\/users\/1"}],"replies":[{"embeddable":true,"href":"https:\/\/meltemozdemir.com\/index.php\/wp-json\/wp\/v2\/comments?post=639"}],"version-history":[{"count":7,"href":"https:\/\/meltemozdemir.com\/index.php\/wp-json\/wp\/v2\/pages\/639\/revisions"}],"predecessor-version":[{"id":664,"href":"https:\/\/meltemozdemir.com\/index.php\/wp-json\/wp\/v2\/pages\/639\/revisions\/664"}],"wp:attachment":[{"href":"https:\/\/meltemozdemir.com\/index.php\/wp-json\/wp\/v2\/media?parent=639"}],"curies":[{"name":"wp","href":"https:\/\/api.w.org\/{rel}","templated":true}]}}