{"id":628,"date":"2025-10-02T18:33:23","date_gmt":"2025-10-02T18:33:23","guid":{"rendered":"https:\/\/meltemozdemir.com\/?page_id=628"},"modified":"2025-10-02T19:00:27","modified_gmt":"2025-10-02T19:00:27","slug":"kalici-makyaj","status":"publish","type":"page","link":"https:\/\/meltemozdemir.com\/index.php\/kalici-makyaj\/","title":{"rendered":"Kal\u0131c\u0131 Makyaj"},"content":{"rendered":"\t\t<div data-elementor-type=\"wp-page\" data-elementor-id=\"628\" class=\"elementor elementor-628\">\n\t\t\t\t\t\t<section class=\"elementor-section elementor-top-section elementor-element elementor-element-761129a0 elementor-section-content-middle elementor-section-boxed elementor-section-height-default elementor-section-height-default\" data-id=\"761129a0\" data-element_type=\"section\">\n\t\t\t\t\t\t<div class=\"elementor-container elementor-column-gap-no\">\n\t\t\t\t\t<div class=\"elementor-column elementor-col-100 elementor-top-column elementor-element elementor-element-34fec1a7\" data-id=\"34fec1a7\" data-element_type=\"column\">\n\t\t\t<div class=\"elementor-widget-wrap elementor-element-populated\">\n\t\t\t\t\t\t<div class=\"elementor-element elementor-element-30d62d61 elementor-widget elementor-widget-image\" data-id=\"30d62d61\" data-element_type=\"widget\" data-widget_type=\"image.default\">\n\t\t\t\t<div class=\"elementor-widget-container\">\n\t\t\t\t\t\t\t\t\t\t\t\t\t\t\t<img fetchpriority=\"high\" decoding=\"async\" width=\"1536\" height=\"1024\" src=\"https:\/\/meltemozdemir.com\/wp-content\/uploads\/2025\/09\/ChatGPT-Image-25-Eyl-2025-17_29_22.png\" class=\"attachment-full size-full wp-image-579\" alt=\"samsun kal\u0131c\u0131 makyaj\" srcset=\"https:\/\/meltemozdemir.com\/wp-content\/uploads\/2025\/09\/ChatGPT-Image-25-Eyl-2025-17_29_22.png 1536w, https:\/\/meltemozdemir.com\/wp-content\/uploads\/2025\/09\/ChatGPT-Image-25-Eyl-2025-17_29_22-300x200.png 300w, https:\/\/meltemozdemir.com\/wp-content\/uploads\/2025\/09\/ChatGPT-Image-25-Eyl-2025-17_29_22-1024x683.png 1024w, https:\/\/meltemozdemir.com\/wp-content\/uploads\/2025\/09\/ChatGPT-Image-25-Eyl-2025-17_29_22-768x512.png 768w, https:\/\/meltemozdemir.com\/wp-content\/uploads\/2025\/09\/ChatGPT-Image-25-Eyl-2025-17_29_22-600x400.png 600w\" sizes=\"(max-width: 1536px) 100vw, 1536px\" \/>\t\t\t\t\t\t\t\t\t\t\t\t\t\t\t<\/div>\n\t\t\t\t<\/div>\n\t\t\t\t<div class=\"elementor-element elementor-element-42105268 elementor-widget elementor-widget-heading\" data-id=\"42105268\" data-element_type=\"widget\" data-widget_type=\"heading.default\">\n\t\t\t\t<div class=\"elementor-widget-container\">\n\t\t\t\t\t<h3 class=\"elementor-heading-title elementor-size-default\">Samsun Kal\u0131c\u0131 Makyaj \u2013 Do\u011fal ve Kal\u0131c\u0131 G\u00fczellik<\/h3>\t\t\t\t<\/div>\n\t\t\t\t<\/div>\n\t\t\t\t<div class=\"elementor-element elementor-element-6d2efbff elementor-widget elementor-widget-text-editor\" data-id=\"6d2efbff\" data-element_type=\"widget\" data-widget_type=\"text-editor.default\">\n\t\t\t\t<div class=\"elementor-widget-container\">\n\t\t\t\t\t\t\t\t\t<h3>Kal\u0131c\u0131 makyaj, \u00f6zel cihaz ve pigmentler kullan\u0131larak cilt alt\u0131na do\u011fal boyalar\u0131n uygulanmas\u0131 i\u015flemidir.<\/h3>\t\t\t\t\t\t\t\t<\/div>\n\t\t\t\t<\/div>\n\t\t\t\t<section class=\"elementor-section elementor-inner-section elementor-element elementor-element-2d2b5b70 elementor-section-boxed elementor-section-height-default elementor-section-height-default\" data-id=\"2d2b5b70\" data-element_type=\"section\">\n\t\t\t\t\t\t<div class=\"elementor-container elementor-column-gap-default\">\n\t\t\t\t\t<div class=\"elementor-column elementor-col-50 elementor-inner-column elementor-element elementor-element-6f3ed74c\" data-id=\"6f3ed74c\" data-element_type=\"column\">\n\t\t\t<div class=\"elementor-widget-wrap elementor-element-populated\">\n\t\t\t\t\t\t<div class=\"elementor-element elementor-element-89b7f84 elementor-widget elementor-widget-heading\" data-id=\"89b7f84\" data-element_type=\"widget\" data-widget_type=\"heading.default\">\n\t\t\t\t<div class=\"elementor-widget-container\">\n\t\t\t\t\t<h2 class=\"elementor-heading-title elementor-size-default\">Kal\u0131c\u0131 Makyaj Nedir?<\/h2>\t\t\t\t<\/div>\n\t\t\t\t<\/div>\n\t\t\t\t<div class=\"elementor-element elementor-element-bf7c60e elementor-widget elementor-widget-text-editor\" data-id=\"bf7c60e\" data-element_type=\"widget\" data-widget_type=\"text-editor.default\">\n\t\t\t\t<div class=\"elementor-widget-container\">\n\t\t\t\t\t\t\t\t\t<div class=\"blog-header\"><p>Kal\u0131c\u0131 makyaj, \u00f6zel cihaz ve pigmentler kullan\u0131larak cilt alt\u0131na do\u011fal boyalar\u0131n uygulanmas\u0131 i\u015flemidir. Bu y\u00f6ntem sayesinde ka\u015f, dudak ve g\u00f6z \u00e7evresinde <strong data-start=\"762\" data-end=\"812\">daha belirgin, simetrik ve estetik bir g\u00f6r\u00fcn\u00fcm<\/strong> elde edilir.<\/p><\/div>\t\t\t\t\t\t\t\t<\/div>\n\t\t\t\t<\/div>\n\t\t\t\t<div class=\"elementor-element elementor-element-1ab63c2 elementor-widget elementor-widget-heading\" data-id=\"1ab63c2\" data-element_type=\"widget\" data-widget_type=\"heading.default\">\n\t\t\t\t<div class=\"elementor-widget-container\">\n\t\t\t\t\t<h2 class=\"elementor-heading-title elementor-size-default\">Samsun\u2019da Uygulad\u0131\u011f\u0131m\u0131z Kal\u0131c\u0131 Makyaj Y\u00f6ntemleri<\/h2>\t\t\t\t<\/div>\n\t\t\t\t<\/div>\n\t\t\t\t<div class=\"elementor-element elementor-element-b026965 elementor-widget elementor-widget-text-editor\" data-id=\"b026965\" data-element_type=\"widget\" data-widget_type=\"text-editor.default\">\n\t\t\t\t<div class=\"elementor-widget-container\">\n\t\t\t\t\t\t\t\t\t<div class=\"blog-header\"><p data-start=\"1197\" data-end=\"1279\"><strong data-start=\"1197\" data-end=\"1235\">Ka\u015f Microblading (K\u0131l Tekni\u011fi Ka\u015f)<\/strong> \u2013 Seyrek ka\u015flar\u0131 do\u011fal ve dolgun g\u00f6sterme<\/p><p data-start=\"1282\" data-end=\"1359\"><strong data-start=\"1282\" data-end=\"1318\">Powder Brows (Pudralama Tekni\u011fi)<\/strong> \u2013 Daha yumu\u015fak ve g\u00f6lgeli ka\u015f g\u00f6r\u00fcn\u00fcm\u00fc<\/p><p data-start=\"1362\" data-end=\"1433\"><strong data-start=\"1362\" data-end=\"1384\">Dudak Renklendirme<\/strong> \u2013 Daha canl\u0131, simetrik ve belirgin dudak hatt\u0131<\/p><p data-start=\"1436\" data-end=\"1510\"><strong data-start=\"1436\" data-end=\"1460\">Eyeliner ve Dipliner<\/strong> \u2013 G\u00f6zlere derinlik ve etkileyici bak\u0131\u015flar katma<\/p><p data-start=\"1513\" data-end=\"1590\"><strong data-start=\"1513\" data-end=\"1530\">Renk D\u00fczeltme<\/strong> \u2013 \u00d6nceden yap\u0131lm\u0131\u015f ve solmu\u015f kal\u0131c\u0131 makyaj\u0131n d\u00fczeltilmesi<\/p><\/div>\t\t\t\t\t\t\t\t<\/div>\n\t\t\t\t<\/div>\n\t\t\t\t<div class=\"elementor-element elementor-element-6d6e4e0 elementor-widget elementor-widget-heading\" data-id=\"6d6e4e0\" data-element_type=\"widget\" data-widget_type=\"heading.default\">\n\t\t\t\t<div class=\"elementor-widget-container\">\n\t\t\t\t\t<h2 class=\"elementor-heading-title elementor-size-default\">Samsun Kal\u0131c\u0131 Makyaj Fiyatlar\u0131<\/h2>\t\t\t\t<\/div>\n\t\t\t\t<\/div>\n\t\t\t\t<div class=\"elementor-element elementor-element-2c92bf7 elementor-widget elementor-widget-text-editor\" data-id=\"2c92bf7\" data-element_type=\"widget\" data-widget_type=\"text-editor.default\">\n\t\t\t\t<div class=\"elementor-widget-container\">\n\t\t\t\t\t\t\t\t\t<p>Fiyatlar, tercih edilen i\u015flem t\u00fcr\u00fcne g\u00f6re de\u011fi\u015fmektedir. <strong data-start=\"1911\" data-end=\"1945\">Meltem \u00d6zdemir G\u00fczellik Salonu<\/strong> olarak Samsun\u2019da en uygun fiyatlarla profesyonel kal\u0131c\u0131 makyaj uygulamalar\u0131 sunuyoruz. Detayl\u0131 bilgi i\u00e7in \u00fccretsiz \u00f6n g\u00f6r\u00fc\u015fme alabilirsiniz.<\/p>\t\t\t\t\t\t\t\t<\/div>\n\t\t\t\t<\/div>\n\t\t\t\t\t<\/div>\n\t\t<\/div>\n\t\t\t\t<div class=\"elementor-column elementor-col-50 elementor-inner-column elementor-element elementor-element-2ddc14be\" data-id=\"2ddc14be\" data-element_type=\"column\">\n\t\t\t<div class=\"elementor-widget-wrap elementor-element-populated\">\n\t\t\t\t\t\t<div class=\"elementor-element elementor-element-3d62808 elementor-widget elementor-widget-heading\" data-id=\"3d62808\" data-element_type=\"widget\" data-widget_type=\"heading.default\">\n\t\t\t\t<div class=\"elementor-widget-container\">\n\t\t\t\t\t<h2 class=\"elementor-heading-title elementor-size-default\">Kal\u0131c\u0131 Makyaj\u0131n Avantajlar\u0131<\/h2>\t\t\t\t<\/div>\n\t\t\t\t<\/div>\n\t\t\t\t<div class=\"elementor-element elementor-element-72a5d5c elementor-widget elementor-widget-text-editor\" data-id=\"72a5d5c\" data-element_type=\"widget\" data-widget_type=\"text-editor.default\">\n\t\t\t\t<div class=\"elementor-widget-container\">\n\t\t\t\t\t\t\t\t\t<ul><li data-start=\"867\" data-end=\"900\"><p data-start=\"869\" data-end=\"900\"><strong data-start=\"869\" data-end=\"898\">Her zaman bak\u0131ml\u0131 g\u00f6r\u00fcn\u00fcm<\/strong><\/p><\/li><li data-start=\"901\" data-end=\"959\"><p data-start=\"903\" data-end=\"959\"><strong data-start=\"903\" data-end=\"922\">Zaman tasarrufu<\/strong> \u2013 G\u00fcnl\u00fck makyaj ihtiyac\u0131n\u0131 azalt\u0131r<\/p><\/li><li data-start=\"960\" data-end=\"1029\"><p data-start=\"962\" data-end=\"1029\"><strong data-start=\"962\" data-end=\"980\">Do\u011fal sonu\u00e7lar<\/strong> \u2013 Ki\u015fiye \u00f6zel tasar\u0131mla y\u00fcz hatlar\u0131n\u0131 tamamlar<\/p><\/li><li data-start=\"1030\" data-end=\"1090\"><p data-start=\"1032\" data-end=\"1090\"><strong data-start=\"1032\" data-end=\"1055\">Uzun s\u00fcre kal\u0131c\u0131l\u0131k<\/strong> \u2013 1,5 \u2013 2 y\u0131l aras\u0131 dayan\u0131kl\u0131l\u0131k<\/p><\/li><li data-start=\"1091\" data-end=\"1134\"><p data-start=\"1093\" data-end=\"1134\"><strong data-start=\"1093\" data-end=\"1132\">Suda ve terlemede bozulmayan makyaj<\/strong><\/p><\/li><\/ul>\t\t\t\t\t\t\t\t<\/div>\n\t\t\t\t<\/div>\n\t\t\t\t<div class=\"elementor-element elementor-element-af8e61d elementor-widget elementor-widget-heading\" data-id=\"af8e61d\" data-element_type=\"widget\" data-widget_type=\"heading.default\">\n\t\t\t\t<div class=\"elementor-widget-container\">\n\t\t\t\t\t<h2 class=\"elementor-heading-title elementor-size-default\">Kal\u0131c\u0131 Makyaj Ne Kadar Kal\u0131c\u0131d\u0131r?<\/h2>\t\t\t\t<\/div>\n\t\t\t\t<\/div>\n\t\t\t\t<div class=\"elementor-element elementor-element-62ae623 elementor-widget elementor-widget-text-editor\" data-id=\"62ae623\" data-element_type=\"widget\" data-widget_type=\"text-editor.default\">\n\t\t\t\t<div class=\"elementor-widget-container\">\n\t\t\t\t\t\t\t\t\t<p data-start=\"1636\" data-end=\"1811\">Cilt yap\u0131s\u0131na, kullan\u0131lan pigmentlere ve bak\u0131m s\u00fcrecine ba\u011fl\u0131 olarak kal\u0131c\u0131 makyaj <strong data-start=\"1719\" data-end=\"1734\">1,5 \u2013 2 y\u0131l<\/strong> aras\u0131 kal\u0131c\u0131l\u0131\u011f\u0131n\u0131 korur. D\u00fczenli r\u00f6tu\u015flarla bu s\u00fcre daha da uzat\u0131labilir.<\/p>\t\t\t\t\t\t\t\t<\/div>\n\t\t\t\t<\/div>\n\t\t\t\t<div class=\"elementor-element elementor-element-3dcc0d3 elementor-widget elementor-widget-heading\" data-id=\"3dcc0d3\" data-element_type=\"widget\" data-widget_type=\"heading.default\">\n\t\t\t\t<div class=\"elementor-widget-container\">\n\t\t\t\t\t<h2 class=\"elementor-heading-title elementor-size-default\">Neden Bizi Tercih Etmelisiniz?<\/h2>\t\t\t\t<\/div>\n\t\t\t\t<\/div>\n\t\t\t\t<div class=\"elementor-element elementor-element-38afce1 elementor-widget elementor-widget-text-editor\" data-id=\"38afce1\" data-element_type=\"widget\" data-widget_type=\"text-editor.default\">\n\t\t\t\t<div class=\"elementor-widget-container\">\n\t\t\t\t\t\t\t\t\t<div class=\"blog-header\"><p data-start=\"2133\" data-end=\"2157\">Uzman estetisyen kadro<\/p><p data-start=\"2160\" data-end=\"2186\">Hijyenik ve steril ortam<\/p><p data-start=\"2189\" data-end=\"2228\">Do\u011fal, y\u00fcz hatlar\u0131na uygun tasar\u0131mlar<\/p><p data-start=\"2231\" data-end=\"2269\">Ki\u015fiye \u00f6zel pigment ve teknik se\u00e7imi<\/p><p data-start=\"2272\" data-end=\"2310\">Samsun\u2019da g\u00fcvenilir g\u00fczellik merkezi<\/p><\/div>\t\t\t\t\t\t\t\t<\/div>\n\t\t\t\t<\/div>\n\t\t\t\t\t<\/div>\n\t\t<\/div>\n\t\t\t\t\t<\/div>\n\t\t<\/section>\n\t\t\t\t\t<\/div>\n\t\t<\/div>\n\t\t\t\t\t<\/div>\n\t\t<\/section>\n\t\t\t\t<\/div>\n\t\t","protected":false},"excerpt":{"rendered":"<p>Samsun Kal\u0131c\u0131 Makyaj \u2013 Do\u011fal ve Kal\u0131c\u0131 G\u00fczellik Kal\u0131c\u0131 makyaj, \u00f6zel cihaz ve pigmentler kullan\u0131larak cilt alt\u0131na do\u011fal boyalar\u0131n uygulanmas\u0131 i\u015flemidir. Kal\u0131c\u0131 Makyaj Nedir? Kal\u0131c\u0131 makyaj, \u00f6zel cihaz ve pigmentler kullan\u0131larak cilt alt\u0131na do\u011fal boyalar\u0131n uygulanmas\u0131 i\u015flemidir. Bu y\u00f6ntem sayesinde ka\u015f, dudak ve g\u00f6z \u00e7evresinde daha belirgin, simetrik ve estetik bir g\u00f6r\u00fcn\u00fcm elde edilir. Samsun\u2019da Uygulad\u0131\u011f\u0131m\u0131z Kal\u0131c\u0131 Makyaj Y\u00f6ntemleri Ka\u015f&#8230;<\/p>\n","protected":false},"author":1,"featured_media":0,"parent":0,"menu_order":0,"comment_status":"closed","ping_status":"closed","template":"elementor_header_footer","meta":{"om_disable_all_campaigns":false,"_monsterinsights_skip_tracking":false,"_monsterinsights_sitenote_active":false,"_monsterinsights_sitenote_note":"","_monsterinsights_sitenote_category":0,"footnotes":""},"class_list":["post-628","page","type-page","status-publish","hentry"],"aioseo_notices":[],"_links":{"self":[{"href":"https:\/\/meltemozdemir.com\/index.php\/wp-json\/wp\/v2\/pages\/628","targetHints":{"allow":["GET"]}}],"collection":[{"href":"https:\/\/meltemozdemir.com\/index.php\/wp-json\/wp\/v2\/pages"}],"about":[{"href":"https:\/\/meltemozdemir.com\/index.php\/wp-json\/wp\/v2\/types\/page"}],"author":[{"embeddable":true,"href":"https:\/\/meltemozdemir.com\/index.php\/wp-json\/wp\/v2\/users\/1"}],"replies":[{"embeddable":true,"href":"https:\/\/meltemozdemir.com\/index.php\/wp-json\/wp\/v2\/comments?post=628"}],"version-history":[{"count":7,"href":"https:\/\/meltemozdemir.com\/index.php\/wp-json\/wp\/v2\/pages\/628\/revisions"}],"predecessor-version":[{"id":658,"href":"https:\/\/meltemozdemir.com\/index.php\/wp-json\/wp\/v2\/pages\/628\/revisions\/658"}],"wp:attachment":[{"href":"https:\/\/meltemozdemir.com\/index.php\/wp-json\/wp\/v2\/media?parent=628"}],"curies":[{"name":"wp","href":"https:\/\/api.w.org\/{rel}","templated":true}]}}