{"id":623,"date":"2025-10-02T18:26:10","date_gmt":"2025-10-02T18:26:10","guid":{"rendered":"https:\/\/meltemozdemir.com\/?page_id=623"},"modified":"2025-10-02T18:59:58","modified_gmt":"2025-10-02T18:59:58","slug":"cilt-bakimi","status":"publish","type":"page","link":"https:\/\/meltemozdemir.com\/index.php\/cilt-bakimi\/","title":{"rendered":"Cilt Bak\u0131m\u0131"},"content":{"rendered":"\t\t<div data-elementor-type=\"wp-page\" data-elementor-id=\"623\" class=\"elementor elementor-623\">\n\t\t\t\t\t\t<section class=\"elementor-section elementor-top-section elementor-element elementor-element-761129a0 elementor-section-content-middle elementor-section-boxed elementor-section-height-default elementor-section-height-default\" data-id=\"761129a0\" data-element_type=\"section\">\n\t\t\t\t\t\t<div class=\"elementor-container elementor-column-gap-no\">\n\t\t\t\t\t<div class=\"elementor-column elementor-col-100 elementor-top-column elementor-element elementor-element-34fec1a7\" data-id=\"34fec1a7\" data-element_type=\"column\">\n\t\t\t<div class=\"elementor-widget-wrap elementor-element-populated\">\n\t\t\t\t\t\t<div class=\"elementor-element elementor-element-30d62d61 elementor-widget elementor-widget-image\" data-id=\"30d62d61\" data-element_type=\"widget\" data-widget_type=\"image.default\">\n\t\t\t\t<div class=\"elementor-widget-container\">\n\t\t\t\t\t\t\t\t\t\t\t\t\t\t\t<img fetchpriority=\"high\" decoding=\"async\" width=\"1536\" height=\"1024\" src=\"https:\/\/meltemozdemir.com\/wp-content\/uploads\/2025\/09\/ChatGPT-Image-25-Eyl-2025-17_34_22.png\" class=\"attachment-full size-full wp-image-580\" alt=\"samsun cilt bak\u0131m\u0131\" srcset=\"https:\/\/meltemozdemir.com\/wp-content\/uploads\/2025\/09\/ChatGPT-Image-25-Eyl-2025-17_34_22.png 1536w, https:\/\/meltemozdemir.com\/wp-content\/uploads\/2025\/09\/ChatGPT-Image-25-Eyl-2025-17_34_22-300x200.png 300w, https:\/\/meltemozdemir.com\/wp-content\/uploads\/2025\/09\/ChatGPT-Image-25-Eyl-2025-17_34_22-1024x683.png 1024w, https:\/\/meltemozdemir.com\/wp-content\/uploads\/2025\/09\/ChatGPT-Image-25-Eyl-2025-17_34_22-768x512.png 768w, https:\/\/meltemozdemir.com\/wp-content\/uploads\/2025\/09\/ChatGPT-Image-25-Eyl-2025-17_34_22-600x400.png 600w\" sizes=\"(max-width: 1536px) 100vw, 1536px\" \/>\t\t\t\t\t\t\t\t\t\t\t\t\t\t\t<\/div>\n\t\t\t\t<\/div>\n\t\t\t\t<div class=\"elementor-element elementor-element-42105268 elementor-widget elementor-widget-heading\" data-id=\"42105268\" data-element_type=\"widget\" data-widget_type=\"heading.default\">\n\t\t\t\t<div class=\"elementor-widget-container\">\n\t\t\t\t\t<h3 class=\"elementor-heading-title elementor-size-default\">Samsun Cilt Bak\u0131m\u0131 \u2013 Sa\u011fl\u0131kl\u0131 ve I\u015f\u0131lt\u0131l\u0131 Bir Cilt<\/h3>\t\t\t\t<\/div>\n\t\t\t\t<\/div>\n\t\t\t\t<div class=\"elementor-element elementor-element-6d2efbff elementor-widget elementor-widget-text-editor\" data-id=\"6d2efbff\" data-element_type=\"widget\" data-widget_type=\"text-editor.default\">\n\t\t\t\t<div class=\"elementor-widget-container\">\n\t\t\t\t\t\t\t\t\t<h3>Cilt bak\u0131m\u0131, cildin ihtiyac\u0131na uygun olarak yap\u0131lan temizlik, nemlendirme, besleme ve onar\u0131m i\u015flemlerinin b\u00fct\u00fcn\u00fcd\u00fcr.<\/h3>\t\t\t\t\t\t\t\t<\/div>\n\t\t\t\t<\/div>\n\t\t\t\t<section class=\"elementor-section elementor-inner-section elementor-element elementor-element-2d2b5b70 elementor-section-boxed elementor-section-height-default elementor-section-height-default\" data-id=\"2d2b5b70\" data-element_type=\"section\">\n\t\t\t\t\t\t<div class=\"elementor-container elementor-column-gap-default\">\n\t\t\t\t\t<div class=\"elementor-column elementor-col-50 elementor-inner-column elementor-element elementor-element-6f3ed74c\" data-id=\"6f3ed74c\" data-element_type=\"column\">\n\t\t\t<div class=\"elementor-widget-wrap elementor-element-populated\">\n\t\t\t\t\t\t<div class=\"elementor-element elementor-element-89b7f84 elementor-widget elementor-widget-heading\" data-id=\"89b7f84\" data-element_type=\"widget\" data-widget_type=\"heading.default\">\n\t\t\t\t<div class=\"elementor-widget-container\">\n\t\t\t\t\t<h2 class=\"elementor-heading-title elementor-size-default\">Cilt Bak\u0131m\u0131 Nedir?<\/h2>\t\t\t\t<\/div>\n\t\t\t\t<\/div>\n\t\t\t\t<div class=\"elementor-element elementor-element-bf7c60e elementor-widget elementor-widget-text-editor\" data-id=\"bf7c60e\" data-element_type=\"widget\" data-widget_type=\"text-editor.default\">\n\t\t\t\t<div class=\"elementor-widget-container\">\n\t\t\t\t\t\t\t\t\t<div class=\"blog-header\"><p>Cilt bak\u0131m\u0131, cildin ihtiyac\u0131na uygun olarak yap\u0131lan temizlik, nemlendirme, besleme ve onar\u0131m i\u015flemlerinin b\u00fct\u00fcn\u00fcd\u00fcr. D\u00fczenli yap\u0131lan profesyonel cilt bak\u0131mlar\u0131, sivilce, siyah nokta, leke ve ya\u015flanma belirtilerini azaltarak cildin sa\u011fl\u0131kl\u0131 kalmas\u0131n\u0131 sa\u011flar.<\/p><\/div>\t\t\t\t\t\t\t\t<\/div>\n\t\t\t\t<\/div>\n\t\t\t\t<div class=\"elementor-element elementor-element-1ab63c2 elementor-widget elementor-widget-heading\" data-id=\"1ab63c2\" data-element_type=\"widget\" data-widget_type=\"heading.default\">\n\t\t\t\t<div class=\"elementor-widget-container\">\n\t\t\t\t\t<h2 class=\"elementor-heading-title elementor-size-default\">Samsun\u2019da Cilt Bak\u0131m\u0131n\u0131n Avantajlar\u0131<\/h2>\t\t\t\t<\/div>\n\t\t\t\t<\/div>\n\t\t\t\t<div class=\"elementor-element elementor-element-b026965 elementor-widget elementor-widget-text-editor\" data-id=\"b026965\" data-element_type=\"widget\" data-widget_type=\"text-editor.default\">\n\t\t\t\t<div class=\"elementor-widget-container\">\n\t\t\t\t\t\t\t\t\t<div class=\"blog-header\"><p>Derinlemesine g\u00f6zenek temizli\u011fi<\/p><p>Cilt tonunu e\u015fitleme ve parlakl\u0131k kazand\u0131rma<\/p><p>Akne, siyah nokta ve sivilce problemlerini azaltma<\/p><p>\u0130nce \u00e7izgi ve k\u0131r\u0131\u015f\u0131kl\u0131klar\u0131n g\u00f6r\u00fcn\u00fcm\u00fcn\u00fc hafifletme<\/p><p>Daha nemli, daha gen\u00e7 ve canl\u0131 bir cilt<\/p><\/div>\t\t\t\t\t\t\t\t<\/div>\n\t\t\t\t<\/div>\n\t\t\t\t<div class=\"elementor-element elementor-element-6d6e4e0 elementor-widget elementor-widget-heading\" data-id=\"6d6e4e0\" data-element_type=\"widget\" data-widget_type=\"heading.default\">\n\t\t\t\t<div class=\"elementor-widget-container\">\n\t\t\t\t\t<h2 class=\"elementor-heading-title elementor-size-default\">Hangi Cilt Bak\u0131m\u0131 Y\u00f6ntemlerini Uyguluyoruz?<\/h2>\t\t\t\t<\/div>\n\t\t\t\t<\/div>\n\t\t\t\t<div class=\"elementor-element elementor-element-2c92bf7 elementor-widget elementor-widget-text-editor\" data-id=\"2c92bf7\" data-element_type=\"widget\" data-widget_type=\"text-editor.default\">\n\t\t\t\t<div class=\"elementor-widget-container\">\n\t\t\t\t\t\t\t\t\t<ul><li data-start=\"1151\" data-end=\"1212\"><p data-start=\"1153\" data-end=\"1212\"><strong data-start=\"1153\" data-end=\"1175\">Klasik Cilt Bak\u0131m\u0131<\/strong> \u2013 Temel temizlik, peeling ve maske<\/p><\/li><li data-start=\"1213\" data-end=\"1291\"><p data-start=\"1215\" data-end=\"1291\"><strong data-start=\"1215\" data-end=\"1244\">Akne ve Ya\u011fl\u0131 Cilt Bak\u0131m\u0131<\/strong> \u2013 Sivilceye e\u011filimli ciltler i\u00e7in \u00f6zel bak\u0131m<\/p><\/li><li data-start=\"1292\" data-end=\"1351\"><p data-start=\"1294\" data-end=\"1351\"><strong data-start=\"1294\" data-end=\"1308\">Nem Bak\u0131m\u0131<\/strong> \u2013 Kuruyan ciltler i\u00e7in derin nemlendirme<\/p><\/li><li data-start=\"1352\" data-end=\"1423\"><p data-start=\"1354\" data-end=\"1423\"><strong data-start=\"1354\" data-end=\"1374\">Anti-Aging Bak\u0131m<\/strong> \u2013 K\u0131r\u0131\u015f\u0131kl\u0131k ve ya\u015flanma kar\u015f\u0131t\u0131 \u00f6zel bak\u0131mlar<\/p><\/li><li data-start=\"1424\" data-end=\"1500\"><p data-start=\"1426\" data-end=\"1500\"><strong data-start=\"1426\" data-end=\"1452\">Leke Giderici Bak\u0131mlar<\/strong> \u2013 G\u00fcne\u015f ve ya\u015f lekelerine kar\u015f\u0131 cilt yenileme<\/p><\/li><li data-start=\"1501\" data-end=\"1589\"><p data-start=\"1503\" data-end=\"1589\"><strong data-start=\"1503\" data-end=\"1543\">Led Maske ve Modern Cihazlarla Bak\u0131m<\/strong> \u2013 Daha etkili sonu\u00e7lar i\u00e7in ileri teknoloji<\/p><\/li><\/ul>\t\t\t\t\t\t\t\t<\/div>\n\t\t\t\t<\/div>\n\t\t\t\t\t<\/div>\n\t\t<\/div>\n\t\t\t\t<div class=\"elementor-column elementor-col-50 elementor-inner-column elementor-element elementor-element-2ddc14be\" data-id=\"2ddc14be\" data-element_type=\"column\">\n\t\t\t<div class=\"elementor-widget-wrap elementor-element-populated\">\n\t\t\t\t\t\t<div class=\"elementor-element elementor-element-3d62808 elementor-widget elementor-widget-heading\" data-id=\"3d62808\" data-element_type=\"widget\" data-widget_type=\"heading.default\">\n\t\t\t\t<div class=\"elementor-widget-container\">\n\t\t\t\t\t<h2 class=\"elementor-heading-title elementor-size-default\">Samsun Cilt Bak\u0131m\u0131 Fiyatlar\u0131<\/h2>\t\t\t\t<\/div>\n\t\t\t\t<\/div>\n\t\t\t\t<div class=\"elementor-element elementor-element-72a5d5c elementor-widget elementor-widget-text-editor\" data-id=\"72a5d5c\" data-element_type=\"widget\" data-widget_type=\"text-editor.default\">\n\t\t\t\t<div class=\"elementor-widget-container\">\n\t\t\t\t\t\t\t\t\t<p>Cilt bak\u0131m fiyatlar\u0131, uygulanacak y\u00f6nteme ve seans say\u0131s\u0131na g\u00f6re de\u011fi\u015fmektedir. <strong data-start=\"1710\" data-end=\"1744\">Meltem \u00d6zdemir G\u00fczellik Salonu<\/strong>, Samsun\u2019da en uygun fiyatlarla profesyonel \u00e7\u00f6z\u00fcmler sunmaktad\u0131r.<\/p>\t\t\t\t\t\t\t\t<\/div>\n\t\t\t\t<\/div>\n\t\t\t\t<div class=\"elementor-element elementor-element-af8e61d elementor-widget elementor-widget-heading\" data-id=\"af8e61d\" data-element_type=\"widget\" data-widget_type=\"heading.default\">\n\t\t\t\t<div class=\"elementor-widget-container\">\n\t\t\t\t\t<h2 class=\"elementor-heading-title elementor-size-default\">Neden Meltem \u00d6zdemir G\u00fczellik Salonu?<\/h2>\t\t\t\t<\/div>\n\t\t\t\t<\/div>\n\t\t\t\t<div class=\"elementor-element elementor-element-62ae623 elementor-widget elementor-widget-text-editor\" data-id=\"62ae623\" data-element_type=\"widget\" data-widget_type=\"text-editor.default\">\n\t\t\t\t<div class=\"elementor-widget-container\">\n\t\t\t\t\t\t\t\t\t<ul><li data-start=\"1861\" data-end=\"1889\"><p data-start=\"1863\" data-end=\"1889\">Uzman estetisyen kadrosu<\/p><\/li><li data-start=\"1890\" data-end=\"1920\"><p data-start=\"1892\" data-end=\"1920\">Hijyenik ve konforlu ortam<\/p><\/li><li data-start=\"1921\" data-end=\"1963\"><p data-start=\"1923\" data-end=\"1963\">Modern cihazlar ve profesyonel \u00fcr\u00fcnler<\/p><\/li><li data-start=\"1964\" data-end=\"1997\"><p data-start=\"1966\" data-end=\"1997\">Ki\u015fiye \u00f6zel bak\u0131m programlar\u0131<\/p><\/li><li data-start=\"1998\" data-end=\"2038\"><p data-start=\"2000\" data-end=\"2038\">Samsun\u2019da g\u00fcvenilir ve bilinen adres<\/p><\/li><\/ul>\t\t\t\t\t\t\t\t<\/div>\n\t\t\t\t<\/div>\n\t\t\t\t<div class=\"elementor-element elementor-element-3dcc0d3 elementor-widget elementor-widget-heading\" data-id=\"3dcc0d3\" data-element_type=\"widget\" data-widget_type=\"heading.default\">\n\t\t\t\t<div class=\"elementor-widget-container\">\n\t\t\t\t\t<h2 class=\"elementor-heading-title elementor-size-default\">Neden Bizi Tercih Etmelisiniz?<\/h2>\t\t\t\t<\/div>\n\t\t\t\t<\/div>\n\t\t\t\t<div class=\"elementor-element elementor-element-38afce1 elementor-widget elementor-widget-text-editor\" data-id=\"38afce1\" data-element_type=\"widget\" data-widget_type=\"text-editor.default\">\n\t\t\t\t<div class=\"elementor-widget-container\">\n\t\t\t\t\t\t\t\t\t<div class=\"blog-header\"><p data-start=\"2089\" data-end=\"2115\">Uzman ve deneyimli kadro<\/p><p data-start=\"2118\" data-end=\"2149\">Son teknoloji cihazlar<\/p><p data-start=\"2152\" data-end=\"2187\">Ferah, hijyenik ve konforlu ortam<\/p><p data-start=\"2190\" data-end=\"2227\">\u00dccretsiz \u00f6n g\u00f6r\u00fc\u015fme ve cilt analizi<\/p><\/div>\t\t\t\t\t\t\t\t<\/div>\n\t\t\t\t<\/div>\n\t\t\t\t\t<\/div>\n\t\t<\/div>\n\t\t\t\t\t<\/div>\n\t\t<\/section>\n\t\t\t\t\t<\/div>\n\t\t<\/div>\n\t\t\t\t\t<\/div>\n\t\t<\/section>\n\t\t\t\t<\/div>\n\t\t","protected":false},"excerpt":{"rendered":"<p>Samsun Cilt Bak\u0131m\u0131 \u2013 Sa\u011fl\u0131kl\u0131 ve I\u015f\u0131lt\u0131l\u0131 Bir Cilt Cilt bak\u0131m\u0131, cildin ihtiyac\u0131na uygun olarak yap\u0131lan temizlik, nemlendirme, besleme ve onar\u0131m i\u015flemlerinin b\u00fct\u00fcn\u00fcd\u00fcr. Cilt Bak\u0131m\u0131 Nedir? Cilt bak\u0131m\u0131, cildin ihtiyac\u0131na uygun olarak yap\u0131lan temizlik, nemlendirme, besleme ve onar\u0131m i\u015flemlerinin b\u00fct\u00fcn\u00fcd\u00fcr. D\u00fczenli yap\u0131lan profesyonel cilt bak\u0131mlar\u0131, sivilce, siyah nokta, leke ve ya\u015flanma belirtilerini azaltarak cildin sa\u011fl\u0131kl\u0131 kalmas\u0131n\u0131 sa\u011flar. Samsun\u2019da Cilt Bak\u0131m\u0131n\u0131n&#8230;<\/p>\n","protected":false},"author":1,"featured_media":0,"parent":0,"menu_order":0,"comment_status":"closed","ping_status":"closed","template":"elementor_header_footer","meta":{"om_disable_all_campaigns":false,"_monsterinsights_skip_tracking":false,"_monsterinsights_sitenote_active":false,"_monsterinsights_sitenote_note":"","_monsterinsights_sitenote_category":0,"footnotes":""},"class_list":["post-623","page","type-page","status-publish","hentry"],"aioseo_notices":[],"_links":{"self":[{"href":"https:\/\/meltemozdemir.com\/index.php\/wp-json\/wp\/v2\/pages\/623","targetHints":{"allow":["GET"]}}],"collection":[{"href":"https:\/\/meltemozdemir.com\/index.php\/wp-json\/wp\/v2\/pages"}],"about":[{"href":"https:\/\/meltemozdemir.com\/index.php\/wp-json\/wp\/v2\/types\/page"}],"author":[{"embeddable":true,"href":"https:\/\/meltemozdemir.com\/index.php\/wp-json\/wp\/v2\/users\/1"}],"replies":[{"embeddable":true,"href":"https:\/\/meltemozdemir.com\/index.php\/wp-json\/wp\/v2\/comments?post=623"}],"version-history":[{"count":7,"href":"https:\/\/meltemozdemir.com\/index.php\/wp-json\/wp\/v2\/pages\/623\/revisions"}],"predecessor-version":[{"id":655,"href":"https:\/\/meltemozdemir.com\/index.php\/wp-json\/wp\/v2\/pages\/623\/revisions\/655"}],"wp:attachment":[{"href":"https:\/\/meltemozdemir.com\/index.php\/wp-json\/wp\/v2\/media?parent=623"}],"curies":[{"name":"wp","href":"https:\/\/api.w.org\/{rel}","templated":true}]}}