{"id":441,"date":"2022-08-24T10:03:23","date_gmt":"2022-08-24T10:03:23","guid":{"rendered":"https:\/\/meltemozdemir.com\/?page_id=441"},"modified":"2022-08-24T10:04:07","modified_gmt":"2022-08-24T10:04:07","slug":"blog","status":"publish","type":"page","link":"https:\/\/meltemozdemir.com\/index.php\/blog\/","title":{"rendered":"Blog"},"content":{"rendered":"\t\t<div data-elementor-type=\"wp-page\" data-elementor-id=\"441\" class=\"elementor elementor-441\">\n\t\t\t\t\t\t<section class=\"elementor-section elementor-top-section elementor-element elementor-element-84540a2 elementor-section-boxed elementor-section-height-default elementor-section-height-default\" data-id=\"84540a2\" data-element_type=\"section\">\n\t\t\t\t\t\t<div class=\"elementor-container elementor-column-gap-default\">\n\t\t\t\t\t<div class=\"elementor-column elementor-col-100 elementor-top-column elementor-element elementor-element-01a40d5\" data-id=\"01a40d5\" data-element_type=\"column\">\n\t\t\t<div class=\"elementor-widget-wrap elementor-element-populated\">\n\t\t\t\t\t\t<div class=\"elementor-element elementor-element-c338948 elementor-widget elementor-widget-prim_basic_blog\" data-id=\"c338948\" data-element_type=\"widget\" data-widget_type=\"prim_basic_blog.default\">\n\t\t\t\t<div class=\"elementor-widget-container\">\n\t\t\t\t\t\t\t<div class=\"napae-blog-wrap\">\n\t\t\t\t\t\t<div class=\"nich-row\">\n\t\t\t\n\t\t\t\t\t\t\t\t\t\t<div class=\"nich-col-lg-4 nich-col-md-6\">\n\t\t\t\t\t\t\t\t\t\t\t<div class=\"napae-blog-item\">\n\t\t\t\t\t\t  \t\t\t\t\t\t\t  <div class=\"napae-image\">\n\t\t\t\t\t\t\t    <a href=\"https:\/\/meltemozdemir.com\/index.php\/2023\/01\/15\/web-3-0-nedir\/\"><img decoding=\"async\" src=\"https:\/\/meltemozdemir.com\/wp-content\/uploads\/2023\/01\/web-3.0.png\" alt=\"Web 3.0 Nedir\"><\/a>\n\t\t              <div class=\"post-date-wrap\"><span class=\"post-date\">15<\/span> <span class=\"post-month\">Oca<\/span><\/div>\t\t\t\t\t\t\t  <\/div>\n\t\t\t\t\t\t\t\t\t\t\t\t\t  <div class=\"napae-blog-info\">\n\t\t\t\t\t\t  \t<h4 class=\"napae-blog-title\"><a href=\"https:\/\/meltemozdemir.com\/index.php\/2023\/01\/15\/web-3-0-nedir\/\">Web 3.0 Nedir<\/a><\/h4>\n\t\t\t\t\t\t\t\t<p>Web 3.0, daha ak\u0131ll\u0131, merkezi olmayan ve kullan\u0131c\u0131 merkezli bir web olu\u015fturmaya odaklanan yeni nesil interneti tan\u0131mlamak i\u00e7in kullan\u0131lan bir terimdir. Blockchain teknolojisi, semantik web ve Yapay zeka ilkeleri \u00fczerine in\u015fa edilmi\u015ftir. Web 3.0&#8217;\u0131n temel \u00f6zellikleri \u015funlar\u0131 i\u00e7erir: Ademi merkeziyet\u00e7ilik: Web 3.0, birka\u00e7 b\u00fcy\u00fck \u015firketin veri ve hizmetlerin \u00e7o\u011funu kontrol etti\u011fi mevcut internetin merkezi yap\u0131s\u0131ndan, kullan\u0131c\u0131lar\u0131n kendi verileri ve \u00e7evrimi\u00e7i&#8230;<\/p>\n\t\t\t  \t\t\t\t<a href=\"https:\/\/meltemozdemir.com\/index.php\/2023\/01\/15\/web-3-0-nedir\/\" class=\"napae-link\"><span>Read More<\/span> <i class=\"fa fa-arrow-right\"><\/i><\/a>\n\t\t\t\t\t\t  <\/div>\n\t\t\t\t\t\t<\/div>\n\t\t\t\t\t\t\t\t\t<\/div>\n\t\t\t\t\t\t\t\t\t\t<div class=\"nich-col-lg-4 nich-col-md-6\">\n\t\t\t\t\t\t\t\t\t\t\t<div class=\"napae-blog-item\">\n\t\t\t\t\t\t  \t\t\t\t\t\t\t  <div class=\"napae-image\">\n\t\t\t\t\t\t\t    <a href=\"https:\/\/meltemozdemir.com\/index.php\/2022\/12\/22\/dijital-pazarlamanin-onemi-2\/\"><img decoding=\"async\" src=\"https:\/\/meltemozdemir.com\/wp-content\/uploads\/2022\/12\/digital-pazarlama-nedir.jpg\" alt=\"Dijital Pazarlaman\u0131n \u00d6nemi\"><\/a>\n\t\t              <div class=\"post-date-wrap\"><span class=\"post-date\">22<\/span> <span class=\"post-month\">Ara<\/span><\/div>\t\t\t\t\t\t\t  <\/div>\n\t\t\t\t\t\t\t\t\t\t\t\t\t  <div class=\"napae-blog-info\">\n\t\t\t\t\t\t  \t<h4 class=\"napae-blog-title\"><a href=\"https:\/\/meltemozdemir.com\/index.php\/2022\/12\/22\/dijital-pazarlamanin-onemi-2\/\">Dijital Pazarlaman\u0131n \u00d6nemi<\/a><\/h4>\n\t\t\t\t\t\t\t\t<p>Dijital pazarlaman\u0131n \u00f6nemi g\u00fcn\u00fcm\u00fczde h\u0131zla artmaktad\u0131r. \u0130nternet kullan\u0131m\u0131n\u0131n yayg\u0131nla\u015fmas\u0131yla birlikte, \u00e7o\u011fu insan art\u0131k online ortamlarda vakit ge\u00e7irir ve bu nedenle dijital pazarlamayla ilgili faaliyetler \u00e7ok daha etkili hale gelmi\u015ftir. Ayr\u0131ca, dijital pazarlaman\u0131n maliyetleri genellikle daha d\u00fc\u015f\u00fckt\u00fcr ve daha b\u00fcy\u00fck bir hedef kitleye ula\u015f\u0131labilir. Dijital pazarlamay\u0131 kullanan \u015firketler, \u00fcr\u00fcn ve hizmetlerini tan\u0131tmak i\u00e7in farkl\u0131 dijital platformlar\u0131 kullanabilirler. \u00d6rne\u011fin, sosyal medya, arama&#8230;<\/p>\n\t\t\t  \t\t\t\t<a href=\"https:\/\/meltemozdemir.com\/index.php\/2022\/12\/22\/dijital-pazarlamanin-onemi-2\/\" class=\"napae-link\"><span>Read More<\/span> <i class=\"fa fa-arrow-right\"><\/i><\/a>\n\t\t\t\t\t\t  <\/div>\n\t\t\t\t\t\t<\/div>\n\t\t\t\t\t\t\t\t\t<\/div>\n\t\t\t\t\t\t\t\t\t\t<div class=\"nich-col-lg-4 nich-col-md-6\">\n\t\t\t\t\t\t\t\t\t\t\t<div class=\"napae-blog-item\">\n\t\t\t\t\t\t  \t\t\t\t\t\t\t  <div class=\"napae-image\">\n\t\t\t\t\t\t\t    <a href=\"https:\/\/meltemozdemir.com\/index.php\/2022\/06\/30\/dijital-pazarlamanin-onemi\/\"><img decoding=\"async\" src=\"https:\/\/meltemozdemir.com\/wp-content\/uploads\/2022\/06\/dijital-pazarlama-onemi.jpg\" alt=\"Dijital Pazarlaman\u0131n \u00d6nemi\"><\/a>\n\t\t              <div class=\"post-date-wrap\"><span class=\"post-date\">30<\/span> <span class=\"post-month\">Haz<\/span><\/div>\t\t\t\t\t\t\t  <\/div>\n\t\t\t\t\t\t\t\t\t\t\t\t\t  <div class=\"napae-blog-info\">\n\t\t\t\t\t\t  \t<h4 class=\"napae-blog-title\"><a href=\"https:\/\/meltemozdemir.com\/index.php\/2022\/06\/30\/dijital-pazarlamanin-onemi\/\">Dijital Pazarlaman\u0131n \u00d6nemi<\/a><\/h4>\n\t\t\t\t\t\t\t\t<p>Dijital Pazarlama Teknolojinin geli\u015fmesi, internetin yayg\u0131nla\u015fmas\u0131 ve pandemi s\u00fcrecinin insanlar\u0131 dijitale y\u00f6neltmesiyle birlikt \u00e7ok b\u00fcy\u00fck bir ivme kazanm\u0131\u015ft\u0131r. Dijital d\u00fcnyada firmalar \u00e7e\u015fitli dijital pazarlama ara\u00e7lar\u0131ndan yararlanmakta ve faaliyetlerini bu y\u00f6nde s\u00fcrd\u00fcrmektedirler.&nbsp;Website tasar\u0131mlar\u0131n\u0131n yayg\u0131nla\u015fmas\u0131, i\u015fletmelerin hemen hemen hepsinin website tasar\u0131m\u0131n\u0131 bir gereklilik olarak g\u00f6rmesi&nbsp;internet \u00e7\u00f6z\u00fcmleri&nbsp;konusunda fark\u0131ndal\u0131k olu\u015fturma ve di\u011ferlerinden ayr\u0131lma konusunu \u00f6nemli hale getirmi\u015ftir. Rakip firmalar\u0131n dijital faaaliyetlerine kar\u015f\u0131l\u0131k firmalar birbiri&#8230;<\/p>\n\t\t\t  \t\t\t\t<a href=\"https:\/\/meltemozdemir.com\/index.php\/2022\/06\/30\/dijital-pazarlamanin-onemi\/\" class=\"napae-link\"><span>Read More<\/span> <i class=\"fa fa-arrow-right\"><\/i><\/a>\n\t\t\t\t\t\t  <\/div>\n\t\t\t\t\t\t<\/div>\n\t\t\t\t\t\t\t\t\t<\/div>\n\t\t\t\t\t\t<\/div>\n\t\t        <div class=\"napae-pagination\">\n        <ul class='page-numbers'>\n\t<li><span aria-current=\"page\" class=\"page-numbers current\">1<\/span><\/li>\n\t<li><a class=\"page-numbers\" href=\"https:\/\/meltemozdemir.com\/index.php\/wp-json\/wp\/v2\/pages\/441\/page\/2\/\">2<\/a><\/li>\n\t<li><a class=\"next page-numbers\" href=\"https:\/\/meltemozdemir.com\/index.php\/wp-json\/wp\/v2\/pages\/441\/page\/2\/\"><i class=\"fa fa-angle-double-right\" aria-hidden=\"true\"><\/i><\/a><\/li>\n<\/ul>\n      <\/div>\n    \t\t<\/div>\n\t  \t\t\t\t<\/div>\n\t\t\t\t<\/div>\n\t\t\t\t\t<\/div>\n\t\t<\/div>\n\t\t\t\t\t<\/div>\n\t\t<\/section>\n\t\t\t\t<\/div>\n\t\t","protected":false},"excerpt":{"rendered":"<p>30 Haz Dijital Pazarlaman\u0131n \u00d6nemi Dijital Pazarlama Teknolojinin geli\u015fmesi, internetin yayg\u0131nla\u015fmas\u0131 ve pandemi s\u00fcrecinin insanlar\u0131 dijitale y\u00f6neltmesiyle birlikt \u00e7ok b\u00fcy\u00fck bir ivme kazanm\u0131\u015ft\u0131r. Dijital d\u00fcnyada firmalar \u00e7e\u015fitli dijital pazarlama ara\u00e7lar\u0131ndan yararlanmakta ve faaliyetlerini bu y\u00f6nde s\u00fcrd\u00fcrmektedirler.&nbsp;Website tasar\u0131mlar\u0131n\u0131n yayg\u0131nla\u015fmas\u0131, i\u015fletmelerin hemen hemen hepsinin website tasar\u0131m\u0131n\u0131 bir gereklilik olarak g\u00f6rmesi&nbsp;internet \u00e7\u00f6z\u00fcmleri&nbsp;konusunda fark\u0131ndal\u0131k olu\u015fturma ve di\u011ferlerinden ayr\u0131lma konusunu \u00f6nemli hale getirmi\u015ftir. Rakip firmalar\u0131n&#8230;<\/p>\n","protected":false},"author":1,"featured_media":0,"parent":0,"menu_order":0,"comment_status":"closed","ping_status":"closed","template":"elementor_header_footer","meta":{"om_disable_all_campaigns":false,"_monsterinsights_skip_tracking":false,"_monsterinsights_sitenote_active":false,"_monsterinsights_sitenote_note":"","_monsterinsights_sitenote_category":0,"footnotes":""},"class_list":["post-441","page","type-page","status-publish","hentry"],"aioseo_notices":[],"_links":{"self":[{"href":"https:\/\/meltemozdemir.com\/index.php\/wp-json\/wp\/v2\/pages\/441","targetHints":{"allow":["GET"]}}],"collection":[{"href":"https:\/\/meltemozdemir.com\/index.php\/wp-json\/wp\/v2\/pages"}],"about":[{"href":"https:\/\/meltemozdemir.com\/index.php\/wp-json\/wp\/v2\/types\/page"}],"author":[{"embeddable":true,"href":"https:\/\/meltemozdemir.com\/index.php\/wp-json\/wp\/v2\/users\/1"}],"replies":[{"embeddable":true,"href":"https:\/\/meltemozdemir.com\/index.php\/wp-json\/wp\/v2\/comments?post=441"}],"version-history":[{"count":5,"href":"https:\/\/meltemozdemir.com\/index.php\/wp-json\/wp\/v2\/pages\/441\/revisions"}],"predecessor-version":[{"id":446,"href":"https:\/\/meltemozdemir.com\/index.php\/wp-json\/wp\/v2\/pages\/441\/revisions\/446"}],"wp:attachment":[{"href":"https:\/\/meltemozdemir.com\/index.php\/wp-json\/wp\/v2\/media?parent=441"}],"curies":[{"name":"wp","href":"https:\/\/api.w.org\/{rel}","templated":true}]}}