{"id":199,"date":"2022-07-21T14:26:44","date_gmt":"2022-07-21T14:26:44","guid":{"rendered":"https:\/\/meltemozdemir.com\/?page_id=199"},"modified":"2025-10-02T18:59:24","modified_gmt":"2025-10-02T18:59:24","slug":"lazer-epilasyon","status":"publish","type":"page","link":"https:\/\/meltemozdemir.com\/index.php\/lazer-epilasyon\/","title":{"rendered":"Lazer Epilasyon"},"content":{"rendered":"\t\t<div data-elementor-type=\"wp-page\" data-elementor-id=\"199\" class=\"elementor elementor-199\">\n\t\t\t\t\t\t<section class=\"elementor-section elementor-top-section elementor-element elementor-element-761129a0 elementor-section-content-middle elementor-section-boxed elementor-section-height-default elementor-section-height-default\" data-id=\"761129a0\" data-element_type=\"section\">\n\t\t\t\t\t\t<div class=\"elementor-container elementor-column-gap-no\">\n\t\t\t\t\t<div class=\"elementor-column elementor-col-100 elementor-top-column elementor-element elementor-element-34fec1a7\" data-id=\"34fec1a7\" data-element_type=\"column\">\n\t\t\t<div class=\"elementor-widget-wrap elementor-element-populated\">\n\t\t\t\t\t\t<div class=\"elementor-element elementor-element-30d62d61 elementor-widget elementor-widget-image\" data-id=\"30d62d61\" data-element_type=\"widget\" data-widget_type=\"image.default\">\n\t\t\t\t<div class=\"elementor-widget-container\">\n\t\t\t\t\t\t\t\t\t\t\t\t\t\t\t<img fetchpriority=\"high\" decoding=\"async\" width=\"1536\" height=\"1024\" src=\"https:\/\/meltemozdemir.com\/wp-content\/uploads\/2025\/09\/A_high-resolution_photograph_captures_a_light-skin.png\" class=\"attachment-full size-full wp-image-578\" alt=\"\" srcset=\"https:\/\/meltemozdemir.com\/wp-content\/uploads\/2025\/09\/A_high-resolution_photograph_captures_a_light-skin.png 1536w, https:\/\/meltemozdemir.com\/wp-content\/uploads\/2025\/09\/A_high-resolution_photograph_captures_a_light-skin-300x200.png 300w, https:\/\/meltemozdemir.com\/wp-content\/uploads\/2025\/09\/A_high-resolution_photograph_captures_a_light-skin-1024x683.png 1024w, https:\/\/meltemozdemir.com\/wp-content\/uploads\/2025\/09\/A_high-resolution_photograph_captures_a_light-skin-768x512.png 768w\" sizes=\"(max-width: 1536px) 100vw, 1536px\" \/>\t\t\t\t\t\t\t\t\t\t\t\t\t\t\t<\/div>\n\t\t\t\t<\/div>\n\t\t\t\t<div class=\"elementor-element elementor-element-42105268 elementor-widget elementor-widget-heading\" data-id=\"42105268\" data-element_type=\"widget\" data-widget_type=\"heading.default\">\n\t\t\t\t<div class=\"elementor-widget-container\">\n\t\t\t\t\t<h3 class=\"elementor-heading-title elementor-size-default\">Samsun Lazer Epilasyon \u2013 Kal\u0131c\u0131 ve Etkili \u00c7\u00f6z\u00fcm<\/h3>\t\t\t\t<\/div>\n\t\t\t\t<\/div>\n\t\t\t\t<div class=\"elementor-element elementor-element-6d2efbff elementor-widget elementor-widget-text-editor\" data-id=\"6d2efbff\" data-element_type=\"widget\" data-widget_type=\"text-editor.default\">\n\t\t\t\t<div class=\"elementor-widget-container\">\n\t\t\t\t\t\t\t\t\t<h3>Lazer epilasyon, istenmeyen t\u00fcylerden <strong data-start=\"661\" data-end=\"710\">kal\u0131c\u0131 ve g\u00fcvenli \u015fekilde kurtulmay\u0131 sa\u011flayan<\/strong> modern bir y\u00f6ntemdir.<\/h3>\t\t\t\t\t\t\t\t<\/div>\n\t\t\t\t<\/div>\n\t\t\t\t<section class=\"elementor-section elementor-inner-section elementor-element elementor-element-2d2b5b70 elementor-section-boxed elementor-section-height-default elementor-section-height-default\" data-id=\"2d2b5b70\" data-element_type=\"section\">\n\t\t\t\t\t\t<div class=\"elementor-container elementor-column-gap-default\">\n\t\t\t\t\t<div class=\"elementor-column elementor-col-50 elementor-inner-column elementor-element elementor-element-6f3ed74c\" data-id=\"6f3ed74c\" data-element_type=\"column\">\n\t\t\t<div class=\"elementor-widget-wrap elementor-element-populated\">\n\t\t\t\t\t\t<div class=\"elementor-element elementor-element-89b7f84 elementor-widget elementor-widget-heading\" data-id=\"89b7f84\" data-element_type=\"widget\" data-widget_type=\"heading.default\">\n\t\t\t\t<div class=\"elementor-widget-container\">\n\t\t\t\t\t<h2 class=\"elementor-heading-title elementor-size-default\">Lazer Epilasyon Nedir?<\/h2>\t\t\t\t<\/div>\n\t\t\t\t<\/div>\n\t\t\t\t<div class=\"elementor-element elementor-element-3da8810d elementor-widget elementor-widget-text-editor\" data-id=\"3da8810d\" data-element_type=\"widget\" data-widget_type=\"text-editor.default\">\n\t\t\t\t<div class=\"elementor-widget-container\">\n\t\t\t\t\t\t\t\t\t<div class=\"blog-header\"><h2 data-start=\"595\" data-end=\"622\"><span style=\"font-size: 16px;\">Lazer epilasyon, istenmeyen t\u00fcylerden <\/span><strong style=\"font-size: 16px;\" data-start=\"661\" data-end=\"710\">kal\u0131c\u0131 ve g\u00fcvenli \u015fekilde kurtulmay\u0131 sa\u011flayan<\/strong><span style=\"font-size: 16px;\"> modern bir y\u00f6ntemdir. Lazer \u0131\u015f\u0131nlar\u0131, k\u0131l k\u00f6klerine etki ederek tekrar \u00e7\u0131kmas\u0131n\u0131 engeller. B\u00f6ylece daha p\u00fcr\u00fczs\u00fcz, daha bak\u0131ml\u0131 ve \u00f6zg\u00fcvenli bir g\u00f6r\u00fcn\u00fcm elde edebilirsiniz.<\/span><\/h2><\/div>\t\t\t\t\t\t\t\t<\/div>\n\t\t\t\t<\/div>\n\t\t\t\t<div class=\"elementor-element elementor-element-1ab63c2 elementor-widget elementor-widget-heading\" data-id=\"1ab63c2\" data-element_type=\"widget\" data-widget_type=\"heading.default\">\n\t\t\t\t<div class=\"elementor-widget-container\">\n\t\t\t\t\t<h2 class=\"elementor-heading-title elementor-size-default\">Samsun\u2019da Lazer Epilasyonun Avantajlar\u0131<\/h2>\t\t\t\t<\/div>\n\t\t\t\t<\/div>\n\t\t\t\t<div class=\"elementor-element elementor-element-b026965 elementor-widget elementor-widget-text-editor\" data-id=\"b026965\" data-element_type=\"widget\" data-widget_type=\"text-editor.default\">\n\t\t\t\t<div class=\"elementor-widget-container\">\n\t\t\t\t\t\t\t\t\t<div class=\"blog-header\"><p><strong style=\"font-size: 16px;\" data-start=\"938\" data-end=\"955\">Kal\u0131c\u0131 \u00c7\u00f6z\u00fcm:<\/strong><span style=\"font-size: 16px;\"> D\u00fczenli seanslarla t\u00fcyler %80-90 oran\u0131nda yok edilir.<\/span><\/p><\/div><div class=\"blog-desc\"><p data-start=\"1014\" data-end=\"1094\"><strong data-start=\"1014\" data-end=\"1038\">A\u011fr\u0131s\u0131z ve Konforlu:<\/strong> Yeni nesil buz ba\u015fl\u0131kl\u0131 cihazlarla minimum ac\u0131 hissi.<\/p><p data-start=\"1097\" data-end=\"1174\"><strong data-start=\"1097\" data-end=\"1113\">H\u0131zl\u0131 Sonu\u00e7:<\/strong> Kol, bacak, y\u00fcz gibi geni\u015f alanlarda k\u0131sa s\u00fcrede uygulama.<\/p><p data-start=\"1177\" data-end=\"1238\"><strong data-start=\"1177\" data-end=\"1196\">Hijyenik Ortam:<\/strong> Steril ve profesyonel g\u00fczellik merkezi.<\/p><p data-start=\"1241\" data-end=\"1313\"><strong data-start=\"1241\" data-end=\"1271\">Kad\u0131n ve Erkek \u0130\u00e7in Uygun:<\/strong> Farkl\u0131 cilt tiplerine \u00f6zel uygulamalar.<\/p><\/div>\t\t\t\t\t\t\t\t<\/div>\n\t\t\t\t<\/div>\n\t\t\t\t<div class=\"elementor-element elementor-element-6d6e4e0 elementor-widget elementor-widget-heading\" data-id=\"6d6e4e0\" data-element_type=\"widget\" data-widget_type=\"heading.default\">\n\t\t\t\t<div class=\"elementor-widget-container\">\n\t\t\t\t\t<h2 class=\"elementor-heading-title elementor-size-default\">Kimler Lazer Epilasyon Yapt\u0131rabilir?<\/h2>\t\t\t\t<\/div>\n\t\t\t\t<\/div>\n\t\t\t\t<div class=\"elementor-element elementor-element-2c92bf7 elementor-widget elementor-widget-text-editor\" data-id=\"2c92bf7\" data-element_type=\"widget\" data-widget_type=\"text-editor.default\">\n\t\t\t\t<div class=\"elementor-widget-container\">\n\t\t\t\t\t\t\t\t\t<div class=\"blog-header\"><ul data-start=\"1852\" data-end=\"1980\"><li data-start=\"1852\" data-end=\"1891\"><p data-start=\"1854\" data-end=\"1891\">18 ya\u015f \u00fczerindeki kad\u0131nlar<\/p><\/li><li data-start=\"1892\" data-end=\"1933\"><p data-start=\"1894\" data-end=\"1933\">Koyu renk k\u0131l k\u00f6klerine sahip ki\u015filer<\/p><\/li><li data-start=\"1934\" data-end=\"1980\"><p data-start=\"1936\" data-end=\"1980\">Hormonal sorunlar\u0131 kontrol alt\u0131nda olanlar<\/p><\/li><\/ul><p data-start=\"1982\" data-end=\"2044\">Hamilelik ve emzirme d\u00f6nemlerinde lazer epilasyon \u00f6nerilmez.<\/p><\/div>\t\t\t\t\t\t\t\t<\/div>\n\t\t\t\t<\/div>\n\t\t\t\t\t<\/div>\n\t\t<\/div>\n\t\t\t\t<div class=\"elementor-column elementor-col-50 elementor-inner-column elementor-element elementor-element-2ddc14be\" data-id=\"2ddc14be\" data-element_type=\"column\">\n\t\t\t<div class=\"elementor-widget-wrap elementor-element-populated\">\n\t\t\t\t\t\t<div class=\"elementor-element elementor-element-3d62808 elementor-widget elementor-widget-heading\" data-id=\"3d62808\" data-element_type=\"widget\" data-widget_type=\"heading.default\">\n\t\t\t\t<div class=\"elementor-widget-container\">\n\t\t\t\t\t<h2 class=\"elementor-heading-title elementor-size-default\">Hangi B\u00f6lgelerde Uygulan\u0131r?<\/h2>\t\t\t\t<\/div>\n\t\t\t\t<\/div>\n\t\t\t\t<div class=\"elementor-element elementor-element-72a5d5c elementor-widget elementor-widget-text-editor\" data-id=\"72a5d5c\" data-element_type=\"widget\" data-widget_type=\"text-editor.default\">\n\t\t\t\t<div class=\"elementor-widget-container\">\n\t\t\t\t\t\t\t\t\t<div class=\"blog-header\"><ul><li>Y\u00fcz ve \u00e7ene b\u00f6lgesi<\/li><li>Koltuk alt\u0131<\/li><li>Kollar ve bacaklar<\/li><li>Bikini b\u00f6lgesi<\/li><li>S\u0131rt ve g\u00f6\u011f\u00fcs (erkekler i\u00e7in)<\/li><\/ul><\/div>\t\t\t\t\t\t\t\t<\/div>\n\t\t\t\t<\/div>\n\t\t\t\t<div class=\"elementor-element elementor-element-af8e61d elementor-widget elementor-widget-heading\" data-id=\"af8e61d\" data-element_type=\"widget\" data-widget_type=\"heading.default\">\n\t\t\t\t<div class=\"elementor-widget-container\">\n\t\t\t\t\t<h2 class=\"elementor-heading-title elementor-size-default\">Samsun\u2019da Lazer Epilasyon Fiyatlar\u0131<\/h2>\t\t\t\t<\/div>\n\t\t\t\t<\/div>\n\t\t\t\t<div class=\"elementor-element elementor-element-62ae623 elementor-widget elementor-widget-text-editor\" data-id=\"62ae623\" data-element_type=\"widget\" data-widget_type=\"text-editor.default\">\n\t\t\t\t<div class=\"elementor-widget-container\">\n\t\t\t\t\t\t\t\t\t<p>Lazer epilasyon fiyatlar\u0131, uygulama yap\u0131lacak b\u00f6lgeye ve seans say\u0131s\u0131na g\u00f6re de\u011fi\u015fiklik g\u00f6sterir. <strong data-start=\"1614\" data-end=\"1648\">Meltem \u00d6zdemir G\u00fczellik Salonu<\/strong> olarak Samsun\u2019da en uygun fiyatlarla en kaliteli hizmeti sunuyoruz. Detayl\u0131 fiyat bilgisi ve ki\u015fiye \u00f6zel paketler i\u00e7in bizimle ileti\u015fime ge\u00e7ebilirsiniz.<\/p>\t\t\t\t\t\t\t\t<\/div>\n\t\t\t\t<\/div>\n\t\t\t\t<div class=\"elementor-element elementor-element-3dcc0d3 elementor-widget elementor-widget-heading\" data-id=\"3dcc0d3\" data-element_type=\"widget\" data-widget_type=\"heading.default\">\n\t\t\t\t<div class=\"elementor-widget-container\">\n\t\t\t\t\t<h2 class=\"elementor-heading-title elementor-size-default\">Neden Bizi Tercih Etmelisiniz?<\/h2>\t\t\t\t<\/div>\n\t\t\t\t<\/div>\n\t\t\t\t<div class=\"elementor-element elementor-element-38afce1 elementor-widget elementor-widget-text-editor\" data-id=\"38afce1\" data-element_type=\"widget\" data-widget_type=\"text-editor.default\">\n\t\t\t\t<div class=\"elementor-widget-container\">\n\t\t\t\t\t\t\t\t\t<div class=\"blog-header\"><p data-start=\"2089\" data-end=\"2115\">Uzman ve deneyimli kadro<\/p><p data-start=\"2118\" data-end=\"2149\">Son teknoloji lazer cihazlar\u0131<\/p><p data-start=\"2152\" data-end=\"2187\">Ferah, hijyenik ve konforlu ortam<\/p><p data-start=\"2190\" data-end=\"2227\">\u00dccretsiz \u00f6n g\u00f6r\u00fc\u015fme ve cilt analizi<\/p><\/div>\t\t\t\t\t\t\t\t<\/div>\n\t\t\t\t<\/div>\n\t\t\t\t\t<\/div>\n\t\t<\/div>\n\t\t\t\t\t<\/div>\n\t\t<\/section>\n\t\t\t\t\t<\/div>\n\t\t<\/div>\n\t\t\t\t\t<\/div>\n\t\t<\/section>\n\t\t\t\t<\/div>\n\t\t","protected":false},"excerpt":{"rendered":"<p>Samsun Lazer Epilasyon \u2013 Kal\u0131c\u0131 ve Etkili \u00c7\u00f6z\u00fcm Lazer epilasyon, istenmeyen t\u00fcylerden kal\u0131c\u0131 ve g\u00fcvenli \u015fekilde kurtulmay\u0131 sa\u011flayan modern bir y\u00f6ntemdir. Lazer Epilasyon Nedir? Lazer epilasyon, istenmeyen t\u00fcylerden kal\u0131c\u0131 ve g\u00fcvenli \u015fekilde kurtulmay\u0131 sa\u011flayan modern bir y\u00f6ntemdir. Lazer \u0131\u015f\u0131nlar\u0131, k\u0131l k\u00f6klerine etki ederek tekrar \u00e7\u0131kmas\u0131n\u0131 engeller. B\u00f6ylece daha p\u00fcr\u00fczs\u00fcz, daha bak\u0131ml\u0131 ve \u00f6zg\u00fcvenli bir g\u00f6r\u00fcn\u00fcm elde edebilirsiniz. Samsun\u2019da Lazer Epilasyonun&#8230;<\/p>\n","protected":false},"author":1,"featured_media":0,"parent":0,"menu_order":0,"comment_status":"closed","ping_status":"closed","template":"elementor_header_footer","meta":{"om_disable_all_campaigns":false,"_monsterinsights_skip_tracking":false,"_monsterinsights_sitenote_active":false,"_monsterinsights_sitenote_note":"","_monsterinsights_sitenote_category":0,"footnotes":""},"class_list":["post-199","page","type-page","status-publish","hentry"],"aioseo_notices":[],"_links":{"self":[{"href":"https:\/\/meltemozdemir.com\/index.php\/wp-json\/wp\/v2\/pages\/199","targetHints":{"allow":["GET"]}}],"collection":[{"href":"https:\/\/meltemozdemir.com\/index.php\/wp-json\/wp\/v2\/pages"}],"about":[{"href":"https:\/\/meltemozdemir.com\/index.php\/wp-json\/wp\/v2\/types\/page"}],"author":[{"embeddable":true,"href":"https:\/\/meltemozdemir.com\/index.php\/wp-json\/wp\/v2\/users\/1"}],"replies":[{"embeddable":true,"href":"https:\/\/meltemozdemir.com\/index.php\/wp-json\/wp\/v2\/comments?post=199"}],"version-history":[{"count":14,"href":"https:\/\/meltemozdemir.com\/index.php\/wp-json\/wp\/v2\/pages\/199\/revisions"}],"predecessor-version":[{"id":652,"href":"https:\/\/meltemozdemir.com\/index.php\/wp-json\/wp\/v2\/pages\/199\/revisions\/652"}],"wp:attachment":[{"href":"https:\/\/meltemozdemir.com\/index.php\/wp-json\/wp\/v2\/media?parent=199"}],"curies":[{"name":"wp","href":"https:\/\/api.w.org\/{rel}","templated":true}]}}