{"id":191,"date":"2022-07-21T14:20:31","date_gmt":"2022-07-21T14:20:31","guid":{"rendered":"https:\/\/meltemozdemir.com\/?page_id=191"},"modified":"2025-10-02T18:05:23","modified_gmt":"2025-10-02T18:05:23","slug":"hakkinda","status":"publish","type":"page","link":"https:\/\/meltemozdemir.com\/index.php\/hakkinda\/","title":{"rendered":"Hakk\u0131nda"},"content":{"rendered":"\t\t<div data-elementor-type=\"wp-page\" data-elementor-id=\"191\" class=\"elementor elementor-191\">\n\t\t\t\t\t\t<section class=\"elementor-section elementor-top-section elementor-element elementor-element-537f974d elementor-section-content-middle elementor-section-boxed elementor-section-height-default elementor-section-height-default\" data-id=\"537f974d\" data-element_type=\"section\">\n\t\t\t\t\t\t<div class=\"elementor-container elementor-column-gap-no\">\n\t\t\t\t\t<div class=\"elementor-column elementor-col-50 elementor-top-column elementor-element elementor-element-1c696d8e\" data-id=\"1c696d8e\" data-element_type=\"column\">\n\t\t\t<div class=\"elementor-widget-wrap elementor-element-populated\">\n\t\t\t\t\t\t<div class=\"elementor-element elementor-element-26401f0e elementor-widget elementor-widget-image\" data-id=\"26401f0e\" data-element_type=\"widget\" data-widget_type=\"image.default\">\n\t\t\t\t<div class=\"elementor-widget-container\">\n\t\t\t\t\t\t\t\t\t\t\t\t\t\t\t<img fetchpriority=\"high\" decoding=\"async\" width=\"2560\" height=\"1706\" src=\"https:\/\/meltemozdemir.com\/wp-content\/uploads\/2025\/09\/photo_5807847609254136212_w-1.jpg\" class=\"attachment-full size-full wp-image-575\" alt=\"\" srcset=\"https:\/\/meltemozdemir.com\/wp-content\/uploads\/2025\/09\/photo_5807847609254136212_w-1.jpg 2560w, https:\/\/meltemozdemir.com\/wp-content\/uploads\/2025\/09\/photo_5807847609254136212_w-1-300x200.jpg 300w, https:\/\/meltemozdemir.com\/wp-content\/uploads\/2025\/09\/photo_5807847609254136212_w-1-1024x682.jpg 1024w, https:\/\/meltemozdemir.com\/wp-content\/uploads\/2025\/09\/photo_5807847609254136212_w-1-768x512.jpg 768w, https:\/\/meltemozdemir.com\/wp-content\/uploads\/2025\/09\/photo_5807847609254136212_w-1-1536x1024.jpg 1536w, https:\/\/meltemozdemir.com\/wp-content\/uploads\/2025\/09\/photo_5807847609254136212_w-1-2048x1365.jpg 2048w, https:\/\/meltemozdemir.com\/wp-content\/uploads\/2025\/09\/photo_5807847609254136212_w-1-600x400.jpg 600w\" sizes=\"(max-width: 2560px) 100vw, 2560px\" \/>\t\t\t\t\t\t\t\t\t\t\t\t\t\t\t<\/div>\n\t\t\t\t<\/div>\n\t\t\t\t\t<\/div>\n\t\t<\/div>\n\t\t\t\t<div class=\"elementor-column elementor-col-50 elementor-top-column elementor-element elementor-element-5cbc11e6\" data-id=\"5cbc11e6\" data-element_type=\"column\">\n\t\t\t<div class=\"elementor-widget-wrap elementor-element-populated\">\n\t\t\t\t\t\t<div class=\"elementor-element elementor-element-6b53ab67 elementor-widget elementor-widget-heading\" data-id=\"6b53ab67\" data-element_type=\"widget\" data-widget_type=\"heading.default\">\n\t\t\t\t<div class=\"elementor-widget-container\">\n\t\t\t\t\t<h4 class=\"elementor-heading-title elementor-size-default\">Hakk\u0131m\u0131zda<\/h4>\t\t\t\t<\/div>\n\t\t\t\t<\/div>\n\t\t\t\t<div class=\"elementor-element elementor-element-624a4a77 elementor-widget elementor-widget-text-editor\" data-id=\"624a4a77\" data-element_type=\"widget\" data-widget_type=\"text-editor.default\">\n\t\t\t\t<div class=\"elementor-widget-container\">\n\t\t\t\t\t\t\t\t\t<p>1999 y\u0131l\u0131nda sa\u011fl\u0131k sekt\u00f6r\u00fcnde \u00e7al\u0131\u015fma hayat\u0131na ba\u015flayan Meltem \u00d6zdemir, uzun y\u0131llar boyunca edindi\u011fi bilgi, tecr\u00fcbe ve disiplinle insanlar\u0131n ya\u015fam kalitesine dokundu. 2015 y\u0131l\u0131nda ise bu birikimini g\u00fczellik sekt\u00f6r\u00fcne ta\u015f\u0131yarak kendi g\u00fczellik merkezini kurdu.<\/p><p>Kurulu\u015fundan bu yana, modern teknoloji ve profesyonel uygulamalarla hizmet veren merkezimiz; cilt bak\u0131m\u0131, lazer epilasyon, kal\u0131c\u0131 makyaj, microblading, dudak renklendirme ve b\u00f6lgesel incelme gibi bir\u00e7ok alanda m\u00fc\u015fteri memnuniyetini \u00f6n planda tutmaktad\u0131r.<\/p><p>Sa\u011fl\u0131k alan\u0131ndaki k\u00f6kl\u00fc ge\u00e7mi\u015fimizi, g\u00fczellik sekt\u00f6r\u00fcne yans\u0131tarak g\u00fcvenilir, hijyenik ve kaliteli hizmet sunmay\u0131 ilke edindik. Meltem \u00d6zdemir G\u00fczellik Merkezi olarak, her dan\u0131\u015fan\u0131m\u0131z\u0131n kendini \u00f6zel ve de\u011ferli hissetmesi i\u00e7in \u00e7al\u0131\u015f\u0131yor, do\u011fal g\u00fczelli\u011fi ortaya \u00e7\u0131karan ki\u015fiye \u00f6zel \u00e7\u00f6z\u00fcmler \u00fcretiyoruz.<\/p>\t\t\t\t\t\t\t\t<\/div>\n\t\t\t\t<\/div>\n\t\t\t\t\t<\/div>\n\t\t<\/div>\n\t\t\t\t\t<\/div>\n\t\t<\/section>\n\t\t\t\t<\/div>\n\t\t","protected":false},"excerpt":{"rendered":"<p>Hakk\u0131m\u0131zda 1999 y\u0131l\u0131nda sa\u011fl\u0131k sekt\u00f6r\u00fcnde \u00e7al\u0131\u015fma hayat\u0131na ba\u015flayan Meltem \u00d6zdemir, uzun y\u0131llar boyunca edindi\u011fi bilgi, tecr\u00fcbe ve disiplinle insanlar\u0131n ya\u015fam kalitesine dokundu. 2015 y\u0131l\u0131nda ise bu birikimini g\u00fczellik sekt\u00f6r\u00fcne ta\u015f\u0131yarak kendi g\u00fczellik merkezini kurdu. Kurulu\u015fundan bu yana, modern teknoloji ve profesyonel uygulamalarla hizmet veren merkezimiz; cilt bak\u0131m\u0131, lazer epilasyon, kal\u0131c\u0131 makyaj, microblading, dudak renklendirme ve b\u00f6lgesel incelme gibi bir\u00e7ok alanda&#8230;<\/p>\n","protected":false},"author":1,"featured_media":0,"parent":0,"menu_order":0,"comment_status":"closed","ping_status":"closed","template":"elementor_header_footer","meta":{"om_disable_all_campaigns":false,"_monsterinsights_skip_tracking":false,"_monsterinsights_sitenote_active":false,"_monsterinsights_sitenote_note":"","_monsterinsights_sitenote_category":0,"footnotes":""},"class_list":["post-191","page","type-page","status-publish","hentry"],"aioseo_notices":[],"_links":{"self":[{"href":"https:\/\/meltemozdemir.com\/index.php\/wp-json\/wp\/v2\/pages\/191","targetHints":{"allow":["GET"]}}],"collection":[{"href":"https:\/\/meltemozdemir.com\/index.php\/wp-json\/wp\/v2\/pages"}],"about":[{"href":"https:\/\/meltemozdemir.com\/index.php\/wp-json\/wp\/v2\/types\/page"}],"author":[{"embeddable":true,"href":"https:\/\/meltemozdemir.com\/index.php\/wp-json\/wp\/v2\/users\/1"}],"replies":[{"embeddable":true,"href":"https:\/\/meltemozdemir.com\/index.php\/wp-json\/wp\/v2\/comments?post=191"}],"version-history":[{"count":10,"href":"https:\/\/meltemozdemir.com\/index.php\/wp-json\/wp\/v2\/pages\/191\/revisions"}],"predecessor-version":[{"id":612,"href":"https:\/\/meltemozdemir.com\/index.php\/wp-json\/wp\/v2\/pages\/191\/revisions\/612"}],"wp:attachment":[{"href":"https:\/\/meltemozdemir.com\/index.php\/wp-json\/wp\/v2\/media?parent=191"}],"curies":[{"name":"wp","href":"https:\/\/api.w.org\/{rel}","templated":true}]}}